{"id":20,"date":"2019-09-09T11:23:53","date_gmt":"2019-09-09T11:23:53","guid":{"rendered":"https:\/\/richardbelisle.com\/rbap\/?p=20"},"modified":"2022-04-21T13:31:04","modified_gmt":"2022-04-21T13:31:04","slug":"contact","status":"publish","type":"page","link":"http:\/\/richardbelisle.com\/rbap\/en\/contact\/","title":{"rendered":"Contact"},"content":{"rendered":"<h1>About us<span class=\"uk-text-primary\">.<\/span><\/h1>\n<ul>\n<li>\n<p>        <img decoding=\"async\" src=\"\/rbap\/wp-content\/uploads\/2022\/04\/BelisleR_web-sq.jpg\" alt=\"\"><\/p>\n<h3>RICHARD B\u00c9LISLE<\/h3>\n<p>Architecte paysagiste senior<\/p>\n<div>\n<p style=\"font-weight: 400;\"><span>Richard B\u00e9lisle architecte paysagiste est membre de l\u2019A.A.P.Q et de l\u2019A.A.P.C. Avant d\u2019entreprendre ses \u00e9tudes universitaires, il fut paysagiste pendant de nombreuses ann\u00e9es et se sp\u00e9cialisa dans les travaux de ma\u00e7onnerie, de menuiserie et de plantation. Il est avant tout un artiste dans l\u2019\u00e2me qui adore travailler de ses mains. Bien respect\u00e9 dans le milieu, il a toujours une excellente collaboration avec les paysagistes avec lesquels il travaille. Sa grande exp\u00e9rience de terrain est un atout certain dans la r\u00e9alisation de ces projets.<\/p>\n<p>Il compl\u00e9ta son baccalaur\u00e9at en architecture de paysage de l\u2019Universit\u00e9 de Montr\u00e9al et fonda son bureau, en 1992, sur la Rive-Sud de Montr\u00e9al.<br \/>Toujours soucieux d\u2019\u00e9voluer et de peaufiner son exp\u00e9rience, il a effectu\u00e9 des stages d\u2019\u00e9tude en France (Paris, Giverny, Loire), en Suisse et surtout en Italie (Florence, Venise, Toscane, C\u00f4te Amalfitaine et Alpes italiennes).<\/p>\n<p>Ces nombreux voyages lui sont une source intarissable d\u2019inspiration. Il a entre autres, visit\u00e9 plusieurs \u2018\u2019Resort and Spa\u2019\u2019 en Tha\u00eflande et au Vietnam afin de d\u00e9couvrir les plus r\u00e9centes tendances en mati\u00e8re de design contemporain. Il s\u2019est int\u00e9ress\u00e9 au design des nouveaux parcs urbains \u00e0 Santiago, au Chili, visit\u00e9 les nouveaux quartiers revitalis\u00e9s dans les anciennes zones industrielles en bord de mer \u00e0 Buenos Aires, en Argentine et a arpent\u00e9 les rues de Barcelone en Espagne, en compagnies d\u2019architectes locaux afin de comprendre les nouvelles orientations en mati\u00e8re de design urbain. <\/p>\n<p>Aujourd\u2019hui, il consacre sa pratique \u00e0 la conception de projets r\u00e9sidentiels ou il peut davantage peaufiner le design et repousser les limites de la cr\u00e9ativit\u00e9.<\/p>\n<p>Le souci du d\u00e9tail, l\u2019\u00e9l\u00e9gance et la sobri\u00e9t\u00e9 sont les grandes lignes constamment recherch\u00e9es dans la conception de ces jardins.<\/span><\/p>\n<\/div>\n<\/li>\n<li>\n<p>        <img decoding=\"async\" src=\"\/rbap\/wp-content\/uploads\/2022\/04\/Photo-Sylvie-sq.jpg\" alt=\"\"><\/p>\n<h3>SYLVIE HUBERT<\/h3>\n<p>Project Coordinator<\/p>\n<div>\n<p><span>Sylvie Hubert, notre coordinatrice de projets, est la personne responsable pour la coordination et la gestion des dossiers. Personne tr\u00e8s ordonn\u00e9e et motivante, elle veille soigneusement \u00e0 la gestion de tous les aspects de la mise en \u0153uvre d\u2019un projet. <\/p>\n<p>Sp\u00e9cialiste sur divers logiciel (Autocad, Land FX, Soft-3D, Outlook), elle poss\u00e8de une grande capacit\u00e9 d\u2019adaptation ainsi qu\u2019une facilit\u00e9 \u00e0 communiquer et avoir un bon leadership. Elle poss\u00e8de une grande exp\u00e9rience dans la supervision d\u2019\u00e9quipes et du travail en groupe.<\/span><\/p>\n<\/div>\n<\/li>\n<\/ul>\n<p><!--more--><br \/>\n<!-- {\"type\":\"layout\",\"children\":[{\"type\":\"section\",\"props\":{\"style\":\"secondary\",\"width\":\"default\",\"vertical_align\":\"middle\",\"title_position\":\"top-left\",\"title_rotation\":\"left\",\"title_breakpoint\":\"xl\",\"image_position\":\"top-center\",\"padding\":\"large\",\"header_transparent\":\"light\",\"animation\":\"slide-left-small\",\"padding_remove_bottom\":false,\"image\":\"wp-content\\\/uploads\\\/yootheme\\\/home-hero-bg.svg\"},\"children\":[{\"type\":\"row\",\"children\":[{\"type\":\"column\",\"props\":{\"image_position\":\"center-center\",\"media_overlay_gradient\":\"\",\"width_medium\":\"1-1\",\"position_sticky_breakpoint\":\"m\"},\"children\":[{\"type\":\"headline\",\"props\":{\"title_element\":\"h1\",\"title_style\":\"heading-small\",\"content\":\"L\\u2019\\u00e9quipe de Richard B\\u00e9lisle<span class=\\\"uk-text-primary\\\">.<\\\/span>\"}}]}]}],\"name\":\"Hero\"},{\"type\":\"section\",\"props\":{\"style\":\"secondary\",\"width\":\"default\",\"vertical_align\":\"middle\",\"title_position\":\"top-left\",\"title_rotation\":\"left\",\"title_breakpoint\":\"xl\",\"image_position\":\"center-center\",\"padding\":\"large\",\"image\":\"\",\"image_size\":\"cover\",\"image_effect\":\"fixed\",\"image_width\":\"2560\"},\"children\":[{\"type\":\"row\",\"children\":[{\"type\":\"column\",\"props\":{\"image_position\":\"center-center\",\"media_overlay_gradient\":\"\",\"width_medium\":\"\",\"position_sticky_breakpoint\":\"m\"},\"children\":[{\"type\":\"panel-slider\",\"props\":{\"show_title\":true,\"show_meta\":true,\"show_content\":true,\"show_image\":true,\"show_link\":true,\"slider_width\":\"fixed\",\"slider_width_default\":\"1-1\",\"slider_width_medium\":\"1-1\",\"slider_gap\":\"default\",\"slider_autoplay_pause\":true,\"nav\":\"dotnav\",\"nav_align\":\"center\",\"nav_breakpoint\":\"s\",\"slidenav\":\"outside\",\"slidenav_margin\":\"medium\",\"slidenav_breakpoint\":\"xl\",\"slidenav_outside_breakpoint\":\"xl\",\"panel_card_match\":true,\"title_hover_style\":\"reset\",\"title_element\":\"h3\",\"title_align\":\"top\",\"title_grid_width\":\"1-2\",\"title_grid_breakpoint\":\"m\",\"meta_style\":\"meta\",\"meta_align\":\"below-title\",\"meta_element\":\"div\",\"content_column_breakpoint\":\"m\",\"icon_width\":80,\"image_align\":\"left\",\"image_grid_width\":\"2-5\",\"image_grid_breakpoint\":\"s\",\"image_svg_color\":\"emphasis\",\"link_text\":\"Read more\",\"link_style\":\"default\",\"margin\":\"default\",\"meta_color\":\"primary\",\"meta_margin\":\"small\",\"text_align\":\"justify\",\"css\":\".el-image{\\n    border-radius: 50%;\\n}\",\"slider_width_small\":\"\",\"slider_width_large\":\"\",\"slider_width_xlarge\":\"\"},\"children\":[{\"type\":\"panel-slider_item\",\"props\":{\"title\":\"RICHARD B\\u00c9LISLE\",\"meta\":\"Architecte paysagiste senior\",\"content\":\"\n\n<p style=\\\"font-weight: 400;\\\"><span>Richard B\\u00e9lisle architecte paysagiste est membre de l\\u2019A.A.P.Q et de l\\u2019A.A.P.C. Avant d\\u2019entreprendre ses \\u00e9tudes universitaires, il fut paysagiste pendant de nombreuses ann\\u00e9es et se sp\\u00e9cialisa dans les travaux de ma\\u00e7onnerie, de menuiserie et de plantation. Il est avant tout un artiste dans l\\u2019\\u00e2me qui adore travailler de ses mains. Bien respect\\u00e9 dans le milieu, il a toujours une excellente collaboration avec les paysagistes avec lesquels il travaille. Sa grande exp\\u00e9rience de terrain est un atout certain dans la r\\u00e9alisation de ces projets.<br \\\/><br \\\/>Il compl\\u00e9ta son baccalaur\\u00e9at en architecture de paysage de l\\u2019Universit\\u00e9 de Montr\\u00e9al et fonda son bureau, en 1992, sur la Rive-Sud de Montr\\u00e9al.<br \\\/>Toujours soucieux d\\u2019\\u00e9voluer et de peaufiner son exp\\u00e9rience, il a effectu\\u00e9 des stages d\\u2019\\u00e9tude en France (Paris, Giverny, Loire), en Suisse et surtout en Italie (Florence, Venise, Toscane, C\\u00f4te Amalfitaine et Alpes italiennes).<br \\\/><br \\\/>Ces nombreux voyages lui sont une source intarissable d\\u2019inspiration. Il a entre autres, visit\\u00e9 plusieurs \\u2018\\u2019Resort and Spa\\u2019\\u2019 en Tha\\u00eflande et au Vietnam afin de d\\u00e9couvrir les plus r\\u00e9centes tendances en mati\\u00e8re de design contemporain. Il s\\u2019est int\\u00e9ress\\u00e9 au design des nouveaux parcs urbains \\u00e0 Santiago, au Chili, visit\\u00e9 les nouveaux quartiers revitalis\\u00e9s dans les anciennes zones industrielles en bord de mer \\u00e0 Buenos Aires, en Argentine et a arpent\\u00e9 les rues de Barcelone en Espagne, en compagnies d\\u2019architectes locaux afin de comprendre les nouvelles orientations en mati\\u00e8re de design urbain. <br \\\/><br \\\/>Aujourd\\u2019hui, il consacre sa pratique \\u00e0 la conception de projets r\\u00e9sidentiels ou il peut davantage peaufiner le design et repousser les limites de la cr\\u00e9ativit\\u00e9.<br \\\/><br \\\/>Le souci du d\\u00e9tail, l\\u2019\\u00e9l\\u00e9gance et la sobri\\u00e9t\\u00e9 sont les grandes lignes constamment recherch\\u00e9es dans la conception de ces jardins.<\\\/span><\\\/p>\",\"image\":\"wp-content\\\/uploads\\\/2022\\\/04\\\/BelisleR_web-sq.jpg\"}},{\"type\":\"panel-slider_item\",\"props\":{\"title\":\"SYLVIE HUBERT\",\"meta\":\"Coordonnatrice de projet\",\"content\":\"\n\n<p><span>Sylvie Hubert, notre coordinatrice de projets, est la personne responsable pour la coordination et la gestion des dossiers. Personne tr\\u00e8s ordonn\\u00e9e et motivante, elle veille soigneusement \\u00e0 la gestion de tous les aspects de la mise en \\u0153uvre d\\u2019un projet. <br \\\/><br \\\/>Sp\\u00e9cialiste sur divers logiciel (Autocad, Land FX, Soft-3D, Outlook), elle poss\\u00e8de une grande capacit\\u00e9 d\\u2019adaptation ainsi qu\\u2019une facilit\\u00e9 \\u00e0 communiquer et avoir un bon leadership. Elle poss\\u00e8de une grande exp\\u00e9rience dans la supervision d\\u2019\\u00e9quipes et du travail en groupe.<\\\/span><\\\/p>\",\"image\":\"wp-content\\\/uploads\\\/2022\\\/04\\\/Photo-Sylvie-sq.jpg\"}}]}]}]}],\"name\":\"Contact\"}],\"version\":\"2.7.21\"} --><\/p>","protected":false},"excerpt":{"rendered":"<p>L\u2019\u00e9quipe de Richard B\u00e9lisle. RICHARD B\u00c9LISLE Architecte paysagiste senior Richard B\u00e9lisle architecte paysagiste est membre de l\u2019A.A.P.Q et de l\u2019A.A.P.C. Avant d\u2019entreprendre ses \u00e9tudes universitaires, il fut paysagiste pendant de nombreuses ann\u00e9es et se sp\u00e9cialisa dans les travaux de ma\u00e7onnerie, de menuiserie et de plantation. Il est avant tout un artiste dans l\u2019\u00e2me qui adore [&hellip;]<\/p>","protected":false},"author":1,"featured_media":0,"parent":0,"menu_order":1,"comment_status":"open","ping_status":"open","template":"","meta":{"footnotes":""},"class_list":["post-20","page","type-page","status-publish","hentry"],"_links":{"self":[{"href":"http:\/\/richardbelisle.com\/rbap\/en\/wp-json\/wp\/v2\/pages\/20","targetHints":{"allow":["GET"]}}],"collection":[{"href":"http:\/\/richardbelisle.com\/rbap\/en\/wp-json\/wp\/v2\/pages"}],"about":[{"href":"http:\/\/richardbelisle.com\/rbap\/en\/wp-json\/wp\/v2\/types\/page"}],"author":[{"embeddable":true,"href":"http:\/\/richardbelisle.com\/rbap\/en\/wp-json\/wp\/v2\/users\/1"}],"replies":[{"embeddable":true,"href":"http:\/\/richardbelisle.com\/rbap\/en\/wp-json\/wp\/v2\/comments?post=20"}],"version-history":[{"count":5,"href":"http:\/\/richardbelisle.com\/rbap\/en\/wp-json\/wp\/v2\/pages\/20\/revisions"}],"predecessor-version":[{"id":1342,"href":"http:\/\/richardbelisle.com\/rbap\/en\/wp-json\/wp\/v2\/pages\/20\/revisions\/1342"}],"wp:attachment":[{"href":"http:\/\/richardbelisle.com\/rbap\/en\/wp-json\/wp\/v2\/media?parent=20"}],"curies":[{"name":"wp","href":"https:\/\/api.w.org\/{rel}","templated":true}]}}