{"id":1150,"date":"2022-04-18T13:19:53","date_gmt":"2022-04-18T13:19:53","guid":{"rendered":"https:\/\/richardbelisle.com\/rbap\/?page_id=1150"},"modified":"2024-02-05T02:47:54","modified_gmt":"2024-02-05T02:47:54","slug":"coordonnees","status":"publish","type":"page","link":"https:\/\/richardbelisle.com\/rbap\/en\/coordonnees\/","title":{"rendered":"Contact"},"content":{"rendered":"<h1>Contact<span class=\"uk-text-primary\">.<\/span><\/h1>\n<div>\n<h2>Canton de l\u2019Est, Grand Montr\u00e9al, Laurentides et Qu\u00e9bec<\/h2>\n<div>\n<p class=\"uk-text-large\">\n    18, All\u00e9e des Sommets,<br \/>\n    Bolton-Ouest,<br \/>\n    J0E 2T0\n<\/p>\n<p class=\"uk-text-large\">\n    <a href=\"tel:4502422222\">(450) 242-2222<\/a><br \/>\n    <a href=\"mailto:info@richardbelisle.com\">info@richardbelisle.com<\/a>\n<\/p>\n<\/div>\n<\/div>\n<h1>Contact form<\/h1>\n<div>\n\n<div class=\"wpcf7 no-js\" id=\"wpcf7-f1160-o1\" lang=\"en-US\" dir=\"ltr\" data-wpcf7-id=\"1160\">\n<div class=\"screen-reader-response\"><p role=\"status\" aria-live=\"polite\" aria-atomic=\"true\"><\/p> <ul><\/ul><\/div>\n<form action=\"\/rbap\/en\/wp-json\/wp\/v2\/pages\/1150#wpcf7-f1160-o1\" method=\"post\" class=\"wpcf7-form init\" aria-label=\"Contact form\" novalidate=\"novalidate\" data-status=\"init\" data-trp-original-action=\"\/rbap\/en\/wp-json\/wp\/v2\/pages\/1150#wpcf7-f1160-o1\">\n<fieldset class=\"hidden-fields-container\"><input type=\"hidden\" name=\"_wpcf7\" value=\"1160\" \/><input type=\"hidden\" name=\"_wpcf7_version\" value=\"6.1.3\" \/><input type=\"hidden\" name=\"_wpcf7_locale\" value=\"en_US\" \/><input type=\"hidden\" name=\"_wpcf7_unit_tag\" value=\"wpcf7-f1160-o1\" \/><input type=\"hidden\" name=\"_wpcf7_container_post\" value=\"0\" \/><input type=\"hidden\" name=\"_wpcf7_posted_data_hash\" value=\"\" \/><input type=\"hidden\" name=\"_wpcf7_recaptcha_response\" value=\"\" \/>\n<\/fieldset>\n<div style=\"color:#fff\">\n\t<p><label> Your name (required)<br \/>\n<span class=\"wpcf7-form-control-wrap\" data-name=\"your-name\"><input size=\"40\" maxlength=\"400\" class=\"wpcf7-form-control wpcf7-text wpcf7-validates-as-required\" aria-required=\"true\" aria-invalid=\"false\" value=\"\" type=\"text\" name=\"your-name\" \/><\/span> <\/label>\n\t<\/p>\n\t<p><label> Your email address (required)<br \/>\n<span class=\"wpcf7-form-control-wrap\" data-name=\"your-email\"><input size=\"40\" maxlength=\"400\" class=\"wpcf7-form-control wpcf7-email wpcf7-validates-as-required wpcf7-text wpcf7-validates-as-email\" aria-required=\"true\" aria-invalid=\"false\" value=\"\" type=\"email\" name=\"your-email\" \/><\/span> <\/label>\n\t<\/p>\n\t<p><label> Subject<br \/>\n<span class=\"wpcf7-form-control-wrap\" data-name=\"your-subject\"><input size=\"40\" maxlength=\"400\" class=\"wpcf7-form-control wpcf7-text\" aria-invalid=\"false\" value=\"\" type=\"text\" name=\"your-subject\" \/><\/span> <\/label>\n\t<\/p>\n\t<p><label> Your message<br \/>\n<span class=\"wpcf7-form-control-wrap\" data-name=\"your-message\"><textarea cols=\"40\" rows=\"10\" maxlength=\"2000\" class=\"wpcf7-form-control wpcf7-textarea\" aria-invalid=\"false\" name=\"your-message\"><\/textarea><\/span> <\/label>\n\t<\/p>\n\t<p><input class=\"wpcf7-form-control wpcf7-submit has-spinner\" type=\"submit\" value=\"Send\" \/>\n\t<\/p>\n<\/div><p style=\"display: none !important;\" class=\"akismet-fields-container\" data-prefix=\"_wpcf7_ak_\"><label>&#916;<textarea name=\"_wpcf7_ak_hp_textarea\" cols=\"45\" rows=\"8\" maxlength=\"100\"><\/textarea><\/label><input type=\"hidden\" id=\"ak_js_1\" name=\"_wpcf7_ak_js\" value=\"34\"\/><script>document.getElementById( \"ak_js_1\" ).setAttribute( \"value\", ( new Date() ).getTime() );<\/script><\/p><div class=\"wpcf7-response-output\" aria-hidden=\"true\"><\/div>\n<input type=\"hidden\" name=\"trp-form-language\" value=\"en\"\/><\/form>\n<\/div>\n<\/div>\n<h1>References<\/h1>\n<div>\n<p><\/p>\n<p><a href=\"http:\/\/www.irrigationoasis.net\" target=\"_blank\" rel=\"noopener\">Oasis \u00c9clairage Paysager et Architectural<\/a><\/p>\n<p><a href=\"http:\/\/www.centredejardinbrossard.com\" target=\"_blank\" rel=\"noopener\">Centre de Jardin Brossard<\/a><\/p>\n<p><a href=\"http:\/\/www.langevinforest.com\" target=\"_blank\" rel=\"noopener\">Langevin et Forest<\/a><\/p>\n<p><a href=\"http:\/\/jardindeville.com\" target=\"_blank\" rel=\"noopener\">Small Backyard City Garden 1<\/a><\/p>\n<\/div>\n<p><!--more--><br \/>\n<!-- {\"name\":\"Contact\",\"type\":\"layout\",\"children\":[{\"type\":\"section\",\"props\":{\"animation\":\"slide-left-small\",\"header_transparent\":\"light\",\"image\":\"wp-content\\\/uploads\\\/home-hero-bg.svg\",\"image_position\":\"top-center\",\"padding\":\"large\",\"padding_remove_bottom\":false,\"style\":\"secondary\",\"title_breakpoint\":\"xl\",\"title_position\":\"top-left\",\"title_rotation\":\"left\",\"vertical_align\":\"middle\",\"width\":\"default\"},\"children\":[{\"type\":\"row\",\"children\":[{\"type\":\"column\",\"props\":{\"image_position\":\"center-center\",\"media_overlay_gradient\":\"\",\"position_sticky_breakpoint\":\"m\",\"width_medium\":\"1-1\"},\"children\":[{\"type\":\"headline\",\"props\":{\"content\":\"Coordonn\\u00e9es<span class=\\\"uk-text-primary\\\">.<\\\/span>\",\"title_element\":\"h1\",\"title_style\":\"heading-small\"}}]}]}],\"name\":\"Hero\"},{\"type\":\"section\",\"props\":{\"image\":\"wp-content\\\/uploads\\\/2022\\\/04\\\/coordonnees.jpg\",\"image_effect\":\"fixed\",\"image_position\":\"center-center\",\"image_size\":\"cover\",\"image_width\":\"2560\",\"padding\":\"large\",\"style\":\"secondary\",\"title_breakpoint\":\"xl\",\"title_position\":\"top-left\",\"title_rotation\":\"left\",\"vertical_align\":\"middle\",\"width\":\"default\"},\"children\":[{\"type\":\"row\",\"props\":{\"layout\":\"1-2,1-2\"},\"children\":[{\"type\":\"column\",\"props\":{\"image_position\":\"center-center\",\"media_overlay_gradient\":\"\",\"position_sticky_breakpoint\":\"m\",\"width_medium\":\"1-2\"},\"children\":[]},{\"type\":\"column\",\"props\":{\"image_position\":\"center-center\",\"media_overlay_gradient\":\"\",\"position_sticky_breakpoint\":\"m\",\"width_medium\":\"1-2\"},\"children\":[{\"type\":\"panel\",\"props\":{\"block_align\":\"right\",\"content\":\"\n\n<p class=\\\"uk-text-large\\\">\\n    18, All\\u00e9e des Sommets,<br \/>\\n    Bolton-Ouest,<br \/>\\n    J0E 2T0\\n<\\\/p>\\n\\n\n\n<p class=\\\"uk-text-large\\\">\\n    <a href=\\\"tel:4502422222\\\">(450) 242-2222<\\\/a><br \/>\\n    <a href=\\\"mailto:info@richardbelisle.com\\\">info@richardbelisle.com<\\\/a>\\n<\\\/p>\",\"content_column_breakpoint\":\"m\",\"content_margin\":\"medium\",\"icon_width\":80,\"image_align\":\"top\",\"image_grid_breakpoint\":\"m\",\"image_grid_width\":\"1-2\",\"image_svg_color\":\"emphasis\",\"link\":\"\",\"link_margin\":\"large\",\"link_style\":\"default\",\"link_target\":true,\"link_text\":\"Open in Map\",\"margin\":\"default\",\"maxwidth\":\"large\",\"meta_align\":\"below-title\",\"meta_element\":\"div\",\"meta_style\":\"text-meta\",\"panel_padding\":\"large\",\"panel_style\":\"card-secondary\",\"title\":\"Canton de l\\u2019Est, Grand Montr\\u00e9al, Laurentides et Qu\\u00e9bec\",\"title_align\":\"top\",\"title_element\":\"h2\",\"title_grid_breakpoint\":\"m\",\"title_grid_width\":\"1-2\",\"title_hover_style\":\"reset\",\"title_margin\":\"remove\",\"title_style\":\"h3\"}}]}]}],\"name\":\"Contact\"},{\"type\":\"section\",\"props\":{\"image\":\"\",\"image_effect\":\"fixed\",\"image_position\":\"center-center\",\"image_size\":\"cover\",\"image_width\":\"2560\",\"padding\":\"large\",\"padding_remove_bottom\":false,\"style\":\"secondary\",\"title_breakpoint\":\"xl\",\"title_position\":\"top-left\",\"title_rotation\":\"left\",\"vertical_align\":\"middle\",\"width\":\"default\"},\"children\":[{\"type\":\"row\",\"children\":[{\"type\":\"column\",\"props\":{\"image_position\":\"center-center\",\"media_overlay_gradient\":\"\",\"position_sticky_breakpoint\":\"m\",\"width_medium\":\"\"},\"children\":[{\"type\":\"headline\",\"props\":{\"content\":\"Formulaire de contact\",\"id\":\"contact\",\"text_align\":\"center\",\"title_element\":\"h1\"}},{\"type\":\"html\",\"props\":{\"content\":\"[contact-form-7 id=\\\"1160\\\" title=\\\"Contact form 1\\\"]\",\"css\":\"input {\\n\\tcolor: #888;\\n}\\n\\ninput, textarea {\\n\\tbackground: #2a2a2a !important;\\n\\tborder: 1px solid #323232 !important;\\n\\tpadding: 10px 17px;\\n\\twidth: 100%;\\n}\"}}]}]}],\"name\":\"Contact\"},{\"type\":\"section\",\"props\":{\"image\":\"\",\"image_effect\":\"fixed\",\"image_position\":\"center-center\",\"image_size\":\"cover\",\"image_width\":\"2560\",\"padding\":\"large\",\"padding_remove_bottom\":false,\"padding_remove_top\":true,\"style\":\"secondary\",\"title_breakpoint\":\"xl\",\"title_position\":\"top-left\",\"title_rotation\":\"left\",\"vertical_align\":\"middle\",\"width\":\"default\"},\"children\":[{\"type\":\"row\",\"children\":[{\"type\":\"column\",\"props\":{\"image_position\":\"center-center\",\"media_overlay_gradient\":\"\",\"position_sticky_breakpoint\":\"m\",\"width_medium\":\"\"},\"children\":[{\"type\":\"headline\",\"props\":{\"content\":\"R\\u00e9f\\u00e9rences\",\"id\":\"references\",\"text_align\":\"center\",\"title_element\":\"h1\"}},{\"type\":\"html\",\"props\":{\"content\":\"<br \\\/>\\n\n\n<p><a href=\\\"http:\\\/\\\/www.irrigationoasis.net\\\" target=\\\"_blank\\\" rel=\\\"noopener\\\">Oasis \\u00c9clairage Paysager et Architectural<\\\/a><\\\/p>\\n\n\n<p><a href=\\\"http:\\\/\\\/www.centredejardinbrossard.com\\\" target=\\\"_blank\\\" rel=\\\"noopener\\\">Centre de Jardin Brossard<\\\/a><\\\/p>\\n\n\n<p><a href=\\\"http:\\\/\\\/www.langevinforest.com\\\" target=\\\"_blank\\\" rel=\\\"noopener\\\">Langevin et Forest<\\\/a><\\\/p>\\n\n\n<p><a href=\\\"http:\\\/\\\/jardindeville.com\\\" target=\\\"_blank\\\" rel=\\\"noopener\\\">Jardin de ville<\\\/a><\\\/p>\",\"css\":\"input {\\n\\tcolor: #888;\\n}\\n\\ninput, textarea {\\n\\tbackground: #2a2a2a !important;\\n\\tborder: 1px solid #323232 !important;\\n\\tpadding: 10px 17px;\\n\\twidth: 100%;\\n}\"}}]}]}],\"name\":\"R\\u00e9f\\u00e9rences\"}],\"version\":\"3.0.26\"} --><\/p>","protected":false},"excerpt":{"rendered":"<p>Coordonn\u00e9es. Canton de l\u2019Est, Grand Montr\u00e9al, Laurentides et Qu\u00e9bec 18, All\u00e9e des Sommets, Bolton-Ouest, J0E 2T0 (450) 242-2222 info@richardbelisle.com Formulaire de contact R\u00e9f\u00e9rences Oasis \u00c9clairage Paysager et Architectural Centre de Jardin Brossard Langevin et Forest Jardin de ville<\/p>","protected":false},"author":1,"featured_media":0,"parent":0,"menu_order":0,"comment_status":"closed","ping_status":"closed","template":"","meta":{"footnotes":""},"class_list":["post-1150","page","type-page","status-publish","hentry"],"_links":{"self":[{"href":"https:\/\/richardbelisle.com\/rbap\/en\/wp-json\/wp\/v2\/pages\/1150","targetHints":{"allow":["GET"]}}],"collection":[{"href":"https:\/\/richardbelisle.com\/rbap\/en\/wp-json\/wp\/v2\/pages"}],"about":[{"href":"https:\/\/richardbelisle.com\/rbap\/en\/wp-json\/wp\/v2\/types\/page"}],"author":[{"embeddable":true,"href":"https:\/\/richardbelisle.com\/rbap\/en\/wp-json\/wp\/v2\/users\/1"}],"replies":[{"embeddable":true,"href":"https:\/\/richardbelisle.com\/rbap\/en\/wp-json\/wp\/v2\/comments?post=1150"}],"version-history":[{"count":16,"href":"https:\/\/richardbelisle.com\/rbap\/en\/wp-json\/wp\/v2\/pages\/1150\/revisions"}],"predecessor-version":[{"id":1970,"href":"https:\/\/richardbelisle.com\/rbap\/en\/wp-json\/wp\/v2\/pages\/1150\/revisions\/1970"}],"wp:attachment":[{"href":"https:\/\/richardbelisle.com\/rbap\/en\/wp-json\/wp\/v2\/media?parent=1150"}],"curies":[{"name":"wp","href":"https:\/\/api.w.org\/{rel}","templated":true}]}}