{"id":1288,"date":"2022-04-21T04:17:14","date_gmt":"2022-04-21T04:17:14","guid":{"rendered":"https:\/\/richardbelisle.com\/rbap\/?page_id=1288"},"modified":"2025-02-10T01:32:33","modified_gmt":"2025-02-10T01:32:33","slug":"publications","status":"publish","type":"page","link":"https:\/\/richardbelisle.com\/rbap\/en\/publications\/","title":{"rendered":"Publications"},"content":{"rendered":"<h1>Press<span class=\"uk-text-primary\">.<\/span><\/h1>\n<blockquote>\n<p style=\"text-align: justify; font-size: 18px;\">Over the years, our work and projects have been featured in various publications. We have had the privilege of contributing to several specialized magazines, sharing our vision of landscape design. Among these collaborations are articles in renowned Quebec publications as well as a feature in a French magazine. Here, you can explore a selection of articles that showcase our passion for the art of landscaping.<\/p>\n<\/blockquote>\n<ul>\n<li>\n<p>        <img decoding=\"async\" src=\"\/rbap\/wp-content\/uploads\/2025\/02\/Int.-Design-page-couverture.jpg\" alt=\"\"><\/p>\n<div>Int\u00e9rieurs &#8211; Design Architecture une Culture<\/div>\n<\/li>\n<li>\n<p>        <img decoding=\"async\" src=\"\/rbap\/wp-content\/uploads\/2022\/05\/F_JAR0601-020-Couverture_.jpg\" alt=\"\"><\/p>\n<div>Les plus beaux jardins du Qu\u00e9bec<\/div>\n<p><a href=\"\/rbap\/en\/les-plus-beaux-jardins-du-quebec\/\"><\/a><\/p>\n<\/li>\n<li>\n<p>        <img decoding=\"async\" src=\"\/rbap\/wp-content\/uploads\/2022\/04\/cv1-LD2-internet-e1677628463988.jpg\" alt=\"\"><\/p>\n<div>Magazine Loft &#038; D\u00e9coration 2020<\/div>\n<p><a href=\"\/rbap\/en\/magazine-loft-decoration-2020\/\"><\/a><\/p>\n<\/li>\n<li>\n<p>        <img decoding=\"async\" src=\"\/rbap\/wp-content\/uploads\/2022\/04\/couv1.jpg\" alt=\"\"><\/p>\n<div>Revue Europ\u00e9enne Fran\u00e7aise \u00ab Loft et d\u00e9coration \u00bb<\/div>\n<p><a href=\"\/rbap\/en\/revue-europeenne-francaise-loft-et-decoration\/\"><\/a><\/p>\n<\/li>\n<li>\n<p>        <img decoding=\"async\" src=\"\/rbap\/wp-content\/uploads\/2022\/04\/Les-Idees-de-ma-Maison-Couverture-e1677628492499.jpg\" alt=\"\"><\/p>\n<div>Les id\u00e9es de ma maison<\/div>\n<p><a href=\"\/rbap\/en\/les-idees-de-ma-maison\/\"><\/a><\/p>\n<\/li>\n<\/ul>\n<p><!--more--><br \/>\n<!-- {\"name\":\"Work\",\"type\":\"layout\",\"children\":[{\"type\":\"section\",\"props\":{\"animation\":\"slide-left-small\",\"animation_delay\":\"200\",\"header_transparent\":true,\"header_transparent_text_color\":\"light\",\"image\":\"wp-content\\\/uploads\\\/home-hero-bg.svg\",\"image_position\":\"top-center\",\"padding\":\"large\",\"padding_remove_bottom\":true,\"style\":\"secondary\",\"title_breakpoint\":\"xl\",\"title_position\":\"top-left\",\"title_rotation\":\"left\",\"vertical_align\":\"\",\"width\":\"\"},\"children\":[{\"type\":\"row\",\"props\":{\"margin\":\"xlarge\",\"width\":\"default\"},\"children\":[{\"type\":\"column\",\"props\":{\"image_position\":\"center-center\",\"position_sticky_breakpoint\":\"m\",\"width_medium\":\"1-1\"},\"children\":[{\"type\":\"headline\",\"props\":{\"content\":\"Revue Presse<span class=\\\"uk-text-primary\\\">.<\\\/span>\",\"title_element\":\"h1\",\"title_style\":\"heading-small\"}},{\"type\":\"quotation\",\"props\":{\"content\":\"\n\n<p style=\\\"text-align: justify; font-size: 18px;\\\">Au fil des ann\\u00e9es, notre travail et nos projets ont \\u00e9t\\u00e9 mis en lumi\\u00e8re dans diverses publications. Nous avons eu le privil\\u00e8ge de contribuer \\u00e0 plusieurs revues sp\\u00e9cialis\\u00e9es, partageant notre vision de l\\u2019am\\u00e9nagement paysager. Parmi ces collaborations, on retrouve des articles dans des revues qu\\u00e9b\\u00e9coises reconnues ainsi qu\\u2019une parution dans une revue fran\\u00e7aise. D\\u00e9couvrez ici un aper\\u00e7u des articles qui illustrent notre passion pour l\\u2019art paysager.<\\\/p>\",\"margin_remove_bottom\":false,\"text_align\":\"justify\"}}]}]},{\"type\":\"row\",\"children\":[{\"type\":\"column\",\"props\":{\"image_position\":\"center-center\",\"position_sticky_breakpoint\":\"m\",\"width_medium\":\"1-1\"},\"children\":[{\"type\":\"gallery\",\"props\":{\"css\":\".el-image {\\n    width:  835px;\\n    height: 600px;\\n    object-fit: cover;\\n}\",\"filter\":true,\"filter_align\":\"center\",\"filter_all\":true,\"filter_grid_breakpoint\":\"m\",\"filter_grid_width\":\"auto\",\"filter_margin\":\"medium\",\"filter_position\":\"top\",\"filter_style\":\"tab\",\"grid_column_gap\":\"small\",\"grid_default\":\"1\",\"grid_medium\":\"3\",\"grid_row_gap\":\"small\",\"grid_small\":\"2\",\"image_width\":\"835\",\"item_animation\":true,\"lightbox_bg_close\":true,\"link_style\":\"default\",\"link_text\":\"\",\"margin\":\"default\",\"meta_align\":\"below-title\",\"meta_element\":\"div\",\"meta_style\":\"text-meta\",\"overlay_hover\":true,\"overlay_link\":true,\"overlay_mode\":\"cover\",\"overlay_position\":\"center\",\"overlay_style\":\"overlay-primary\",\"overlay_transition\":\"fade\",\"parallax_easing\":\"1\",\"show_content\":true,\"show_hover_image\":true,\"show_hover_video\":true,\"show_link\":true,\"show_meta\":true,\"show_title\":true,\"text_align\":\"left\",\"text_color\":\"light\",\"title_element\":\"div\",\"title_hover_style\":\"reset\",\"title_style\":\"h3\"},\"children\":[{\"type\":\"gallery_item\",\"props\":{\"image\":\"wp-content\\\/uploads\\\/2025\\\/02\\\/Int.-Design-page-couverture.jpg\",\"title\":\"Int\\u00e9rieurs - Design Architecture une Culture\"}},{\"type\":\"gallery_item\",\"props\":{\"image\":\"wp-content\\\/uploads\\\/2022\\\/05\\\/F_JAR0601-020-Couverture_.jpg\",\"link\":\"les-plus-beaux-jardins-du-quebec\",\"title\":\"Les plus beaux jardins du Qu\\u00e9bec\"}},{\"type\":\"gallery_item\",\"props\":{\"image\":\"wp-content\\\/uploads\\\/2022\\\/04\\\/cv1-LD2-internet-e1677628463988.jpg\",\"link\":\"magazine-loft-decoration-2020\",\"title\":\"Magazine Loft & D\\u00e9coration 2020\"}},{\"type\":\"gallery_item\",\"props\":{\"image\":\"wp-content\\\/uploads\\\/2022\\\/04\\\/couv1.jpg\",\"link\":\"revue-europeenne-francaise-loft-et-decoration\",\"title\":\"Revue Europ\\u00e9enne Fran\\u00e7aise \\u00ab Loft et d\\u00e9coration \\u00bb\"}},{\"type\":\"gallery_item\",\"props\":{\"image\":\"wp-content\\\/uploads\\\/2022\\\/04\\\/Les-Idees-de-ma-Maison-Couverture-e1677628492499.jpg\",\"link\":\"les-idees-de-ma-maison\",\"title\":\"Les id\\u00e9es de ma maison\"}}]}]}]}],\"name\":\"Portfolio\"}],\"version\":\"4.5.1\"} --><\/p>","protected":false},"excerpt":{"rendered":"<p>Revue Presse. Au fil des ann\u00e9es, notre travail et nos projets ont \u00e9t\u00e9 mis en lumi\u00e8re dans diverses publications. Nous avons eu le privil\u00e8ge de contribuer \u00e0 plusieurs revues sp\u00e9cialis\u00e9es, partageant notre vision de l\u2019am\u00e9nagement paysager. Parmi ces collaborations, on retrouve des articles dans des revues qu\u00e9b\u00e9coises reconnues ainsi qu\u2019une parution dans une revue fran\u00e7aise. [&hellip;]<\/p>","protected":false},"author":1,"featured_media":0,"parent":0,"menu_order":0,"comment_status":"closed","ping_status":"closed","template":"","meta":{"footnotes":""},"class_list":["post-1288","page","type-page","status-publish","hentry"],"_links":{"self":[{"href":"https:\/\/richardbelisle.com\/rbap\/en\/wp-json\/wp\/v2\/pages\/1288","targetHints":{"allow":["GET"]}}],"collection":[{"href":"https:\/\/richardbelisle.com\/rbap\/en\/wp-json\/wp\/v2\/pages"}],"about":[{"href":"https:\/\/richardbelisle.com\/rbap\/en\/wp-json\/wp\/v2\/types\/page"}],"author":[{"embeddable":true,"href":"https:\/\/richardbelisle.com\/rbap\/en\/wp-json\/wp\/v2\/users\/1"}],"replies":[{"embeddable":true,"href":"https:\/\/richardbelisle.com\/rbap\/en\/wp-json\/wp\/v2\/comments?post=1288"}],"version-history":[{"count":18,"href":"https:\/\/richardbelisle.com\/rbap\/en\/wp-json\/wp\/v2\/pages\/1288\/revisions"}],"predecessor-version":[{"id":2062,"href":"https:\/\/richardbelisle.com\/rbap\/en\/wp-json\/wp\/v2\/pages\/1288\/revisions\/2062"}],"wp:attachment":[{"href":"https:\/\/richardbelisle.com\/rbap\/en\/wp-json\/wp\/v2\/media?parent=1288"}],"curies":[{"name":"wp","href":"https:\/\/api.w.org\/{rel}","templated":true}]}}