{"id":1407,"date":"2022-05-01T13:06:56","date_gmt":"2022-05-01T13:06:56","guid":{"rendered":"https:\/\/richardbelisle.com\/rbap\/?page_id=1407"},"modified":"2023-02-20T02:46:57","modified_gmt":"2023-02-20T02:46:57","slug":"less-is-more","status":"publish","type":"page","link":"https:\/\/richardbelisle.com\/rbap\/en\/less-is-more\/","title":{"rendered":"Less is more\ufffc"},"content":{"rendered":"<h1>Less is more<span class=\"uk-text-primary\">.<\/span><\/h1>\n<blockquote>\n<p style=\"text-align: justify; font-size: 18px;\" class=\"translation-block\">Less is more... this was the motto of the owner for this project.<br>\nFor this magnificent Contemporary residence, we have therefore proposed a very refined and unadorned layout. The owner and the architect of the project wanted a project that is pure and stylish\u2026 The result is spectacular. At the front, the paving in dark granite blocks imported from Asia contrasts wonderfully with the sleek siding of the residence.<\/p>\n<\/blockquote>\n<p><!--more--><br \/>\n<!-- {\"name\":\"Projet2\",\"type\":\"layout\",\"children\":[{\"type\":\"section\",\"props\":{\"animation\":\"slide-left-small\",\"header_transparent_noplaceholder\":false,\"image\":\"wp-content\\\/uploads\\\/yootheme\\\/home-hero-bg.svg\",\"image_position\":\"top-center\",\"padding\":\"small\",\"status\":\"\",\"style\":\"secondary\",\"title_breakpoint\":\"xl\",\"title_position\":\"top-left\",\"title_rotation\":\"left\",\"vertical_align\":\"middle\",\"width\":\"default\"},\"children\":[{\"type\":\"row\",\"children\":[{\"type\":\"column\",\"props\":{\"image_position\":\"center-center\",\"media_overlay_gradient\":\"\",\"position_sticky_breakpoint\":\"m\",\"width_medium\":\"1-1\"},\"children\":[{\"type\":\"headline\",\"props\":{\"animation\":\"slide-left-small\",\"class\":\"uk-margin-large-top\",\"content\":\"Less is more<span class=\\\"uk-text-primary\\\">.<\\\/span>\",\"title_element\":\"h1\",\"title_style\":\"heading-small\"}}]}]}],\"name\":\"Hero\"},{\"type\":\"section\",\"props\":{\"image_position\":\"center-center\",\"padding_remove_bottom\":false,\"padding_remove_top\":true,\"style\":\"secondary\",\"title_breakpoint\":\"xl\",\"title_position\":\"top-left\",\"title_rotation\":\"left\",\"vertical_align\":\"middle\",\"width\":\"default\"},\"children\":[{\"type\":\"row\",\"children\":[{\"type\":\"column\",\"props\":{\"image_position\":\"center-center\",\"media_overlay_gradient\":\"\",\"position_sticky_breakpoint\":\"m\"},\"children\":[{\"type\":\"quotation\",\"props\":{\"content\":\"\n\n<p style=\\\"text-align: justify; font-size: 18px;\\\">Less is more... tel \\u00e9tait la devise du propri\\u00e9taire pour ce projet.<br \\\/>\\nPour cette magnifique demeure Contemporaine, nous avons donc propos\\u00e9 un am\\u00e9nagement tr\\u00e8s \\u00e9pur\\u00e9 et sans artifice. Le propri\\u00e9taire et l\\u2019architecte du projet voulaient en soit une \\u0153uvre qui soit pure est d\\u00e9nud\\u00e9e... Le r\\u00e9sultat est spectaculaire. \\u00c0 l\\u2019avant, le pavage en blocs de granit fonc\\u00e9 import\\u00e9 d\\u2019Asie contraste merveilleusement bien avec le parement \\u00e9pur\\u00e9 de la r\\u00e9sidence.\\n<\\\/p>\",\"margin_remove_bottom\":false,\"text_align\":\"justify\"}}]}]}],\"name\":\"Description des projets\"},{\"type\":\"section\",\"props\":{\"height\":\"full\",\"image\":\"wp-content\\\/uploads\\\/2022\\\/05\\\/1-DJI_0022.jpg\",\"image_effect\":\"parallax\",\"image_parallax_easing\":\"1\",\"image_position\":\"center-center\",\"image_size\":\"cover\",\"image_width\":\"2560\",\"padding\":\"xlarge\",\"style\":\"secondary\",\"title_breakpoint\":\"xl\",\"title_position\":\"top-left\",\"title_rotation\":\"left\",\"vertical_align\":\"middle\",\"width\":\"default\"},\"children\":[{\"type\":\"row\",\"children\":[{\"type\":\"column\",\"props\":{\"image_position\":\"center-center\",\"media_overlay_gradient\":\"\",\"position_sticky_breakpoint\":\"m\",\"width_medium\":\"1-1\"},\"children\":[]}],\"props\":{\"height\":\"percent\"}}],\"name\":\"Image\"},{\"type\":\"section\",\"props\":{\"image_position\":\"center-center\",\"padding\":\"xsmall\",\"padding_remove_bottom\":true,\"padding_remove_top\":false,\"style\":\"secondary\",\"title_breakpoint\":\"xl\",\"title_position\":\"top-left\",\"title_rotation\":\"left\",\"vertical_align\":\"middle\",\"width\":\"default\"},\"children\":[{\"type\":\"row\",\"children\":[{\"type\":\"column\",\"props\":{\"image_position\":\"center-center\",\"media_overlay_gradient\":\"\",\"position_sticky_breakpoint\":\"m\"},\"children\":[]}]}]},{\"type\":\"section\",\"props\":{\"height\":\"full\",\"image\":\"wp-content\\\/uploads\\\/2022\\\/05\\\/2-P3380203-HDR.jpg\",\"image_effect\":\"parallax\",\"image_parallax_easing\":\"1\",\"image_position\":\"center-center\",\"image_size\":\"cover\",\"image_width\":\"2560\",\"style\":\"secondary\",\"title_breakpoint\":\"xl\",\"title_position\":\"top-left\",\"title_rotation\":\"left\",\"vertical_align\":\"middle\",\"width\":\"default\"},\"children\":[{\"type\":\"row\",\"children\":[{\"type\":\"column\",\"props\":{\"image_position\":\"center-center\",\"media_overlay_gradient\":\"\",\"position_sticky_breakpoint\":\"m\",\"width_medium\":\"1-1\"},\"children\":[]}]}],\"name\":\"Image\"},{\"type\":\"section\",\"props\":{\"image_position\":\"center-center\",\"padding\":\"xsmall\",\"padding_remove_bottom\":true,\"padding_remove_top\":false,\"style\":\"secondary\",\"title_breakpoint\":\"xl\",\"title_position\":\"top-left\",\"title_rotation\":\"left\",\"vertical_align\":\"middle\",\"width\":\"default\"},\"children\":[{\"type\":\"row\",\"children\":[{\"type\":\"column\",\"props\":{\"image_position\":\"center-center\",\"media_overlay_gradient\":\"\",\"position_sticky_breakpoint\":\"m\"},\"children\":[]}]}]},{\"type\":\"section\",\"props\":{\"height\":\"full\",\"image\":\"wp-content\\\/uploads\\\/2022\\\/05\\\/3-DJI_0931.jpg\",\"image_effect\":\"parallax\",\"image_parallax_easing\":\"1\",\"image_position\":\"center-center\",\"image_size\":\"cover\",\"image_width\":\"2560\",\"style\":\"secondary\",\"title_breakpoint\":\"xl\",\"title_position\":\"top-left\",\"title_rotation\":\"left\",\"vertical_align\":\"middle\",\"width\":\"default\"},\"children\":[{\"type\":\"row\",\"children\":[{\"type\":\"column\",\"props\":{\"image_position\":\"center-center\",\"media_overlay_gradient\":\"\",\"position_sticky_breakpoint\":\"m\",\"width_medium\":\"1-1\"},\"children\":[]}]}],\"name\":\"Image\"},{\"type\":\"section\",\"props\":{\"image_position\":\"center-center\",\"padding\":\"xsmall\",\"padding_remove_bottom\":true,\"padding_remove_top\":false,\"style\":\"secondary\",\"title_breakpoint\":\"xl\",\"title_position\":\"top-left\",\"title_rotation\":\"left\",\"vertical_align\":\"middle\",\"width\":\"default\"},\"children\":[{\"type\":\"row\",\"children\":[{\"type\":\"column\",\"props\":{\"image_position\":\"center-center\",\"media_overlay_gradient\":\"\",\"position_sticky_breakpoint\":\"m\"},\"children\":[]}]}]},{\"type\":\"section\",\"props\":{\"height\":\"full\",\"image\":\"wp-content\\\/uploads\\\/2022\\\/05\\\/4-DJI_0791.jpg\",\"image_effect\":\"parallax\",\"image_parallax_easing\":\"1\",\"image_position\":\"center-center\",\"image_size\":\"cover\",\"image_width\":\"2560\",\"style\":\"secondary\",\"title_breakpoint\":\"xl\",\"title_position\":\"top-left\",\"title_rotation\":\"left\",\"vertical_align\":\"middle\",\"width\":\"default\"},\"children\":[{\"type\":\"row\",\"props\":{\"margin\":\"remove-vertical\"},\"children\":[{\"type\":\"column\",\"props\":{\"image_position\":\"center-center\",\"media_overlay_gradient\":\"\",\"position_sticky_breakpoint\":\"m\",\"width_medium\":\"1-1\"},\"children\":[]}]}],\"name\":\"Image\"},{\"type\":\"section\",\"props\":{\"image_position\":\"center-center\",\"padding\":\"xsmall\",\"padding_remove_bottom\":true,\"padding_remove_top\":false,\"style\":\"secondary\",\"title_breakpoint\":\"xl\",\"title_position\":\"top-left\",\"title_rotation\":\"left\",\"vertical_align\":\"middle\",\"width\":\"default\"},\"children\":[{\"type\":\"row\",\"children\":[{\"type\":\"column\",\"props\":{\"image_position\":\"center-center\",\"media_overlay_gradient\":\"\",\"position_sticky_breakpoint\":\"m\"},\"children\":[]}]}]},{\"type\":\"section\",\"props\":{\"height\":\"full\",\"image\":\"wp-content\\\/uploads\\\/2022\\\/05\\\/5-P3380165-HDR.jpg\",\"image_effect\":\"parallax\",\"image_parallax_easing\":\"1\",\"image_position\":\"center-center\",\"image_size\":\"cover\",\"image_width\":\"2560\",\"style\":\"secondary\",\"title_breakpoint\":\"xl\",\"title_position\":\"top-left\",\"title_rotation\":\"left\",\"vertical_align\":\"middle\",\"width\":\"default\"},\"children\":[{\"type\":\"row\",\"props\":{\"margin\":\"remove-vertical\"},\"children\":[{\"type\":\"column\",\"props\":{\"image_position\":\"center-center\",\"media_overlay_gradient\":\"\",\"position_sticky_breakpoint\":\"m\",\"width_medium\":\"1-1\"},\"children\":[]}]}],\"name\":\"Image\"},{\"type\":\"section\",\"props\":{\"image_position\":\"center-center\",\"padding\":\"xsmall\",\"padding_remove_bottom\":true,\"padding_remove_top\":false,\"style\":\"secondary\",\"title_breakpoint\":\"xl\",\"title_position\":\"top-left\",\"title_rotation\":\"left\",\"vertical_align\":\"middle\",\"width\":\"default\"},\"children\":[{\"type\":\"row\",\"children\":[{\"type\":\"column\",\"props\":{\"image_position\":\"center-center\",\"media_overlay_gradient\":\"\",\"position_sticky_breakpoint\":\"m\"},\"children\":[]}]}]},{\"type\":\"section\",\"props\":{\"height\":\"full\",\"image\":\"wp-content\\\/uploads\\\/2022\\\/05\\\/6-P3380215-HDR.jpg\",\"image_effect\":\"parallax\",\"image_parallax_easing\":\"1\",\"image_position\":\"center-center\",\"image_size\":\"cover\",\"image_width\":\"2560\",\"style\":\"secondary\",\"title_breakpoint\":\"xl\",\"title_position\":\"top-left\",\"title_rotation\":\"left\",\"vertical_align\":\"middle\",\"width\":\"default\"},\"children\":[{\"type\":\"row\",\"props\":{\"margin\":\"remove-vertical\"},\"children\":[{\"type\":\"column\",\"props\":{\"image_position\":\"center-center\",\"media_overlay_gradient\":\"\",\"position_sticky_breakpoint\":\"m\",\"width_medium\":\"1-1\"},\"children\":[]}]}],\"name\":\"Image\"}],\"version\":\"3.0.25\"} --><\/p>","protected":false},"excerpt":{"rendered":"<p>Less is more. Less is more&#8230; tel \u00e9tait la devise du propri\u00e9taire pour ce projet. Pour cette magnifique demeure Contemporaine, nous avons donc propos\u00e9 un am\u00e9nagement tr\u00e8s \u00e9pur\u00e9 et sans artifice. Le propri\u00e9taire et l\u2019architecte du projet voulaient en soit une \u0153uvre qui soit pure est d\u00e9nud\u00e9e&#8230; Le r\u00e9sultat est spectaculaire. \u00c0 l\u2019avant, le pavage [&hellip;]<\/p>","protected":false},"author":1,"featured_media":0,"parent":0,"menu_order":0,"comment_status":"closed","ping_status":"closed","template":"","meta":{"footnotes":""},"class_list":["post-1407","page","type-page","status-publish","hentry"],"_links":{"self":[{"href":"https:\/\/richardbelisle.com\/rbap\/en\/wp-json\/wp\/v2\/pages\/1407","targetHints":{"allow":["GET"]}}],"collection":[{"href":"https:\/\/richardbelisle.com\/rbap\/en\/wp-json\/wp\/v2\/pages"}],"about":[{"href":"https:\/\/richardbelisle.com\/rbap\/en\/wp-json\/wp\/v2\/types\/page"}],"author":[{"embeddable":true,"href":"https:\/\/richardbelisle.com\/rbap\/en\/wp-json\/wp\/v2\/users\/1"}],"replies":[{"embeddable":true,"href":"https:\/\/richardbelisle.com\/rbap\/en\/wp-json\/wp\/v2\/comments?post=1407"}],"version-history":[{"count":7,"href":"https:\/\/richardbelisle.com\/rbap\/en\/wp-json\/wp\/v2\/pages\/1407\/revisions"}],"predecessor-version":[{"id":1875,"href":"https:\/\/richardbelisle.com\/rbap\/en\/wp-json\/wp\/v2\/pages\/1407\/revisions\/1875"}],"wp:attachment":[{"href":"https:\/\/richardbelisle.com\/rbap\/en\/wp-json\/wp\/v2\/media?parent=1407"}],"curies":[{"name":"wp","href":"https:\/\/api.w.org\/{rel}","templated":true}]}}