{"id":1410,"date":"2022-05-01T13:07:45","date_gmt":"2022-05-01T13:07:45","guid":{"rendered":"https:\/\/richardbelisle.com\/rbap\/?page_id=1410"},"modified":"2023-02-20T02:48:04","modified_gmt":"2023-02-20T02:48:04","slug":"somptueuse-et-distinctive","status":"publish","type":"page","link":"https:\/\/richardbelisle.com\/rbap\/en\/somptueuse-et-distinctive\/","title":{"rendered":"Somptueuse et distinctive\ufffc"},"content":{"rendered":"<h1>Sumptuous and distinctive<span class=\"uk-text-primary\">.<\/span><\/h1>\n<blockquote>\n<p style=\"text-align: justify; font-size: 18px;\" class=\"translation-block\">Ce jardin d\u2019inspiration classique est con\u00e7u autour d\u2019axes et de perspectives.<br>\r\n\u00c0 l\u2019arri\u00e8re, en axe avec la r\u00e9sidence, nous avons propos\u00e9 l\u2019int\u00e9gration d\u2019un grand bassin d\u2019eau lin\u00e9aire dispos\u00e9 sur 2 niveaux et bord\u00e9 par 2 all\u00e9es donnant acc\u00e8s \u00e0 la cour arri\u00e8re. Une piscine \u00e0 d\u00e9bordement sur 2 c\u00f4t\u00e9s offre une vue spectaculaire sur le secteur bois\u00e9 \u00e0 l\u2019arri\u00e8re.<\/p>\n<\/blockquote>\n<p><!--more--><br \/>\n<!-- {\"name\":\"Projet2\",\"type\":\"layout\",\"children\":[{\"type\":\"section\",\"props\":{\"animation\":\"slide-left-small\",\"header_transparent_noplaceholder\":false,\"image\":\"wp-content\\\/uploads\\\/yootheme\\\/home-hero-bg.svg\",\"image_position\":\"top-center\",\"padding\":\"small\",\"status\":\"\",\"style\":\"secondary\",\"title_breakpoint\":\"xl\",\"title_position\":\"top-left\",\"title_rotation\":\"left\",\"vertical_align\":\"middle\",\"width\":\"default\"},\"children\":[{\"type\":\"row\",\"children\":[{\"type\":\"column\",\"props\":{\"image_position\":\"center-center\",\"media_overlay_gradient\":\"\",\"position_sticky_breakpoint\":\"m\",\"width_medium\":\"1-1\"},\"children\":[{\"type\":\"headline\",\"props\":{\"animation\":\"slide-left-small\",\"class\":\"uk-margin-large-top\",\"content\":\"Somptueuse et distinctive<span class=\\\"uk-text-primary\\\">.<\\\/span>\",\"title_element\":\"h1\",\"title_style\":\"heading-small\"}}]}]}],\"name\":\"Hero\"},{\"type\":\"section\",\"props\":{\"image_position\":\"center-center\",\"padding_remove_bottom\":false,\"padding_remove_top\":true,\"style\":\"secondary\",\"title_breakpoint\":\"xl\",\"title_position\":\"top-left\",\"title_rotation\":\"left\",\"vertical_align\":\"middle\",\"width\":\"default\"},\"children\":[{\"type\":\"row\",\"children\":[{\"type\":\"column\",\"props\":{\"image_position\":\"center-center\",\"media_overlay_gradient\":\"\",\"position_sticky_breakpoint\":\"m\"},\"children\":[{\"type\":\"quotation\",\"props\":{\"content\":\"\n\n<p style=\\\"text-align: justify; font-size: 18px;\\\">Ce jardin d\\u2019inspiration classique est con\\u00e7u autour d\\u2019axes et de perspectives.<br \\\/>\\n\\u00c0 l\\u2019arri\\u00e8re, en axe avec la r\\u00e9sidence, nous avons propos\\u00e9 l\\u2019int\\u00e9gration d\\u2019un grand bassin d\\u2019eau lin\\u00e9aire dispos\\u00e9 sur 2 niveaux et bord\\u00e9 par 2 all\\u00e9es donnant acc\\u00e8s \\u00e0 la cour arri\\u00e8re. Une piscine \\u00e0 d\\u00e9bordement sur 2 c\\u00f4t\\u00e9s offre une vue spectaculaire sur le secteur bois\\u00e9 \\u00e0 l\\u2019arri\\u00e8re.\\n<\\\/p>\",\"margin_remove_bottom\":false,\"text_align\":\"justify\"}}]}]}],\"name\":\"Description des projets\"},{\"type\":\"section\",\"props\":{\"height\":\"full\",\"image\":\"wp-content\\\/uploads\\\/2022\\\/05\\\/2-Perspective-piscine-2-cotes.jpg\",\"image_effect\":\"parallax\",\"image_parallax_easing\":\"1\",\"image_position\":\"center-center\",\"image_size\":\"cover\",\"image_width\":\"2560\",\"padding\":\"xlarge\",\"style\":\"secondary\",\"title_breakpoint\":\"xl\",\"title_position\":\"top-left\",\"title_rotation\":\"left\",\"vertical_align\":\"middle\",\"width\":\"default\"},\"children\":[{\"type\":\"row\",\"children\":[{\"type\":\"column\",\"props\":{\"image_position\":\"center-center\",\"media_overlay_gradient\":\"\",\"position_sticky_breakpoint\":\"m\",\"width_medium\":\"1-1\"},\"children\":[]}],\"props\":{\"height\":\"percent\"}}],\"name\":\"Image\"},{\"type\":\"section\",\"props\":{\"image_position\":\"center-center\",\"padding\":\"xsmall\",\"padding_remove_bottom\":true,\"padding_remove_top\":false,\"style\":\"secondary\",\"title_breakpoint\":\"xl\",\"title_position\":\"top-left\",\"title_rotation\":\"left\",\"vertical_align\":\"middle\",\"width\":\"default\"},\"children\":[{\"type\":\"row\",\"children\":[{\"type\":\"column\",\"props\":{\"image_position\":\"center-center\",\"media_overlay_gradient\":\"\",\"position_sticky_breakpoint\":\"m\"},\"children\":[]}]}]},{\"type\":\"section\",\"props\":{\"height\":\"full\",\"image\":\"wp-content\\\/uploads\\\/2022\\\/05\\\/3-Perspective-Bassin-Formel-arriere.jpg\",\"image_effect\":\"parallax\",\"image_parallax_easing\":\"1\",\"image_position\":\"center-center\",\"image_size\":\"cover\",\"image_width\":\"2560\",\"style\":\"secondary\",\"title_breakpoint\":\"xl\",\"title_position\":\"top-left\",\"title_rotation\":\"left\",\"vertical_align\":\"middle\",\"width\":\"default\"},\"children\":[{\"type\":\"row\",\"children\":[{\"type\":\"column\",\"props\":{\"image_position\":\"center-center\",\"media_overlay_gradient\":\"\",\"position_sticky_breakpoint\":\"m\",\"width_medium\":\"1-1\"},\"children\":[]}]}],\"name\":\"Image\"},{\"type\":\"section\",\"props\":{\"image_position\":\"center-center\",\"padding\":\"xsmall\",\"padding_remove_bottom\":true,\"padding_remove_top\":false,\"style\":\"secondary\",\"title_breakpoint\":\"xl\",\"title_position\":\"top-left\",\"title_rotation\":\"left\",\"vertical_align\":\"middle\",\"width\":\"default\"},\"children\":[{\"type\":\"row\",\"children\":[{\"type\":\"column\",\"props\":{\"image_position\":\"center-center\",\"media_overlay_gradient\":\"\",\"position_sticky_breakpoint\":\"m\"},\"children\":[]}]}]},{\"type\":\"section\",\"props\":{\"height\":\"full\",\"image\":\"wp-content\\\/uploads\\\/2022\\\/05\\\/4-Perspective-facade.jpg\",\"image_effect\":\"parallax\",\"image_parallax_easing\":\"1\",\"image_position\":\"center-center\",\"image_size\":\"cover\",\"image_width\":\"2560\",\"style\":\"secondary\",\"title_breakpoint\":\"xl\",\"title_position\":\"top-left\",\"title_rotation\":\"left\",\"vertical_align\":\"middle\",\"width\":\"default\"},\"children\":[{\"type\":\"row\",\"children\":[{\"type\":\"column\",\"props\":{\"image_position\":\"center-center\",\"media_overlay_gradient\":\"\",\"position_sticky_breakpoint\":\"m\",\"width_medium\":\"1-1\"},\"children\":[]}]}],\"name\":\"Image\"}],\"version\":\"3.0.25\"} --><\/p>","protected":false},"excerpt":{"rendered":"<p>Somptueuse et distinctive. Ce jardin d\u2019inspiration classique est con\u00e7u autour d\u2019axes et de perspectives. \u00c0 l\u2019arri\u00e8re, en axe avec la r\u00e9sidence, nous avons propos\u00e9 l\u2019int\u00e9gration d\u2019un grand bassin d\u2019eau lin\u00e9aire dispos\u00e9 sur 2 niveaux et bord\u00e9 par 2 all\u00e9es donnant acc\u00e8s \u00e0 la cour arri\u00e8re. Une piscine \u00e0 d\u00e9bordement sur 2 c\u00f4t\u00e9s offre une vue [&hellip;]<\/p>","protected":false},"author":1,"featured_media":0,"parent":0,"menu_order":0,"comment_status":"closed","ping_status":"closed","template":"","meta":{"footnotes":""},"class_list":["post-1410","page","type-page","status-publish","hentry"],"_links":{"self":[{"href":"https:\/\/richardbelisle.com\/rbap\/en\/wp-json\/wp\/v2\/pages\/1410","targetHints":{"allow":["GET"]}}],"collection":[{"href":"https:\/\/richardbelisle.com\/rbap\/en\/wp-json\/wp\/v2\/pages"}],"about":[{"href":"https:\/\/richardbelisle.com\/rbap\/en\/wp-json\/wp\/v2\/types\/page"}],"author":[{"embeddable":true,"href":"https:\/\/richardbelisle.com\/rbap\/en\/wp-json\/wp\/v2\/users\/1"}],"replies":[{"embeddable":true,"href":"https:\/\/richardbelisle.com\/rbap\/en\/wp-json\/wp\/v2\/comments?post=1410"}],"version-history":[{"count":5,"href":"https:\/\/richardbelisle.com\/rbap\/en\/wp-json\/wp\/v2\/pages\/1410\/revisions"}],"predecessor-version":[{"id":1876,"href":"https:\/\/richardbelisle.com\/rbap\/en\/wp-json\/wp\/v2\/pages\/1410\/revisions\/1876"}],"wp:attachment":[{"href":"https:\/\/richardbelisle.com\/rbap\/en\/wp-json\/wp\/v2\/media?parent=1410"}],"curies":[{"name":"wp","href":"https:\/\/api.w.org\/{rel}","templated":true}]}}