{"id":2027,"date":"2025-02-10T02:45:10","date_gmt":"2025-02-10T02:45:10","guid":{"rendered":"https:\/\/richardbelisle.com\/rbap\/?page_id=2027"},"modified":"2025-02-10T02:45:10","modified_gmt":"2025-02-10T02:45:10","slug":"convives-et-confort","status":"publish","type":"page","link":"https:\/\/richardbelisle.com\/rbap\/en\/convives-et-confort\/","title":{"rendered":"Guests and Comfort"},"content":{"rendered":"<h1>Guests and Comfort<span class=\"uk-text-primary\">.<\/span><\/h1>\n<blockquote>\n<p style=\"text-align: justify; font-size: 18px;\">In the spirit of busy professionals eager to cultivate quality moments with friends and family, our \"Guests and Comfort\" garden offers an outdoor space that combines contemporary elegance with ease of maintenance. Designed for those who already enjoy a second home on weekends, this garden is created to minimize hassle while maximizing the pleasure of hosting.<\/p>\n<p>The sleek and modern layout showcases clean lines and a muted color palette, creating a serene atmosphere that invites relaxation and sociability. Distinct areas for dining, fire, and relaxation are seamlessly integrated, offering effortless functionality and pleasing aesthetics.<\/p>\n<p>Perfect for those who value both style and simplicity, \"Guests and Comfort\" is a true urban retreat, where professionals can recharge and welcome their loved ones in a beautiful and hassle-free setting.\n<\/p>\n<\/blockquote>\n<p><!--more--><br \/>\n<!-- {\"type\":\"layout\",\"children\":[{\"type\":\"section\",\"props\":{\"animation\":\"slide-left-small\",\"header_transparent\":true,\"header_transparent_noplaceholder\":false,\"header_transparent_text_color\":\"light\",\"image\":\"wp-content\\\/uploads\\\/yootheme\\\/home-hero-bg.svg\",\"image_position\":\"top-center\",\"padding\":\"small\",\"style\":\"secondary\",\"title_breakpoint\":\"xl\",\"title_position\":\"top-left\",\"title_rotation\":\"left\",\"vertical_align\":\"\",\"width\":\"default\"},\"children\":[{\"type\":\"row\",\"children\":[{\"type\":\"column\",\"props\":{\"image_position\":\"center-center\",\"position_sticky_breakpoint\":\"m\",\"width_medium\":\"1-1\"},\"children\":[{\"type\":\"headline\",\"props\":{\"animation\":\"slide-left-small\",\"class\":\"uk-margin-large-top\",\"content\":\"Convives et Confort<span class=\\\"uk-text-primary\\\">.<\\\/span>\",\"title_element\":\"h1\",\"title_style\":\"heading-small\"}}]}]}],\"name\":\"Hero\"},{\"type\":\"section\",\"props\":{\"image_position\":\"center-center\",\"padding_remove_bottom\":false,\"padding_remove_top\":true,\"style\":\"secondary\",\"title_breakpoint\":\"xl\",\"title_position\":\"top-left\",\"title_rotation\":\"left\",\"vertical_align\":\"\",\"width\":\"default\"},\"children\":[{\"type\":\"row\",\"children\":[{\"type\":\"column\",\"props\":{\"image_position\":\"center-center\",\"position_sticky_breakpoint\":\"m\"},\"children\":[{\"type\":\"quotation\",\"props\":{\"content\":\"\n\n<p style=\\\"text-align: justify; font-size: 18px;\\\">Dans l'esprit de professionnels tr\\u00e8s occup\\u00e9s, d\\u00e9sireux de cultiver des moments de qualit\\u00e9 avec amis et famille, notre jardin \\\"Convives et Confort\\\" offre un espace ext\\u00e9rieur qui allie \\u00e9l\\u00e9gance contemporaine et facilit\\u00e9 d'entretien. Pens\\u00e9 pour ceux qui profitent d\\u00e9j\\u00e0 d'une r\\u00e9sidence secondaire le week-end, ce jardin a \\u00e9t\\u00e9 con\\u00e7u pour minimiser les contraintes tout en maximisant le plaisir de recevoir.<br \\\/><br \\\/>\\nL'am\\u00e9nagement \\u00e9pur\\u00e9 et moderne met en valeur des lignes claires et une palette de couleurs sobres, cr\\u00e9ant une atmosph\\u00e8re de s\\u00e9r\\u00e9nit\\u00e9 qui invite \\u00e0 la d\\u00e9tente et \\u00e0 la convivialit\\u00e9. Les zones distinctes pour les repas, le feu et la d\\u00e9tente sont int\\u00e9gr\\u00e9es de mani\\u00e8re fluide, offrant une fonctionnalit\\u00e9 sans effort et un esth\\u00e9tique plaisant.<br \\\/><br \\\/>\\nParfait pour ceux qui valorisent \\u00e0 la fois le style et la simplicit\\u00e9, \\\"Convives et Confort\\\" est un v\\u00e9ritable havre de paix urbain, o\\u00f9 les professionnels peuvent se ressourcer et accueillir leurs proches dans un cadre magnifique et sans tracas.\\n<\\\/p>\",\"margin_remove_bottom\":false,\"text_align\":\"justify\"}}]}]}],\"name\":\"Description des projets\"},{\"type\":\"section\",\"props\":{\"height\":\"viewport\",\"image\":\"wp-content\\\/uploads\\\/2025\\\/02\\\/1-ecoverdure-202427210_Web.jpg\",\"image_effect\":\"parallax\",\"image_parallax_easing\":\"1\",\"image_position\":\"center-center\",\"image_size\":\"cover\",\"image_width\":\"2560\",\"padding_remove_bottom\":true,\"padding_remove_horizontal\":false,\"padding_remove_top\":true,\"style\":\"secondary\",\"title_breakpoint\":\"xl\",\"title_position\":\"top-left\",\"title_rotation\":\"left\",\"vertical_align\":\"middle\",\"width\":\"default\"},\"children\":[{\"type\":\"row\",\"children\":[{\"type\":\"column\",\"props\":{\"image_position\":\"center-center\",\"position_sticky_breakpoint\":\"m\",\"width_medium\":\"1-1\"}}],\"props\":{\"height\":\"viewport\",\"margin\":\"large\"}}],\"name\":\"Image\"},{\"type\":\"section\",\"props\":{\"image_position\":\"center-center\",\"padding\":\"xsmall\",\"padding_remove_top\":true,\"style\":\"secondary\",\"title_breakpoint\":\"xl\",\"title_position\":\"top-left\",\"title_rotation\":\"left\",\"vertical_align\":\"\",\"width\":\"default\"},\"children\":[{\"type\":\"row\",\"children\":[{\"type\":\"column\",\"props\":{\"image_position\":\"center-center\",\"position_sticky_breakpoint\":\"m\"}}]}]},{\"type\":\"section\",\"props\":{\"height\":\"viewport\",\"image\":\"wp-content\\\/uploads\\\/2025\\\/02\\\/2-012_Web.jpg\",\"image_effect\":\"parallax\",\"image_parallax_easing\":\"1\",\"image_position\":\"center-center\",\"image_size\":\"cover\",\"image_width\":\"2560\",\"style\":\"secondary\",\"title_breakpoint\":\"xl\",\"title_position\":\"top-left\",\"title_rotation\":\"left\",\"vertical_align\":\"middle\",\"width\":\"default\"},\"children\":[{\"type\":\"row\",\"children\":[{\"type\":\"column\",\"props\":{\"image_position\":\"center-center\",\"position_sticky_breakpoint\":\"m\",\"width_medium\":\"1-1\"}}]}],\"name\":\"Image\"},{\"type\":\"section\",\"props\":{\"image_position\":\"center-center\",\"padding\":\"xsmall\",\"padding_remove_top\":true,\"style\":\"secondary\",\"title_breakpoint\":\"xl\",\"title_position\":\"top-left\",\"title_rotation\":\"left\",\"vertical_align\":\"\",\"width\":\"default\"},\"children\":[{\"type\":\"row\",\"children\":[{\"type\":\"column\",\"props\":{\"image_position\":\"center-center\",\"position_sticky_breakpoint\":\"m\"}}]}]},{\"type\":\"section\",\"props\":{\"height\":\"viewport\",\"image\":\"wp-content\\\/uploads\\\/2025\\\/02\\\/3-ecoverdure-202427287_Web.jpg\",\"image_effect\":\"parallax\",\"image_parallax_easing\":\"1\",\"image_position\":\"center-center\",\"image_size\":\"cover\",\"image_width\":\"2560\",\"style\":\"secondary\",\"title_breakpoint\":\"xl\",\"title_position\":\"top-left\",\"title_rotation\":\"left\",\"vertical_align\":\"middle\",\"width\":\"default\"},\"children\":[{\"type\":\"row\",\"children\":[{\"type\":\"column\",\"props\":{\"image_position\":\"center-center\",\"position_sticky_breakpoint\":\"m\",\"width_medium\":\"1-1\"}}]}],\"name\":\"Image\"},{\"type\":\"section\",\"props\":{\"image_position\":\"center-center\",\"padding\":\"xsmall\",\"padding_remove_top\":true,\"style\":\"secondary\",\"title_breakpoint\":\"xl\",\"title_position\":\"top-left\",\"title_rotation\":\"left\",\"vertical_align\":\"\",\"width\":\"default\"},\"children\":[{\"type\":\"row\",\"children\":[{\"type\":\"column\",\"props\":{\"image_position\":\"center-center\",\"position_sticky_breakpoint\":\"m\"}}]}]},{\"type\":\"section\",\"props\":{\"height\":\"viewport\",\"image\":\"wp-content\\\/uploads\\\/2025\\\/02\\\/4-020_WEB.jpg\",\"image_effect\":\"parallax\",\"image_parallax_easing\":\"1\",\"image_position\":\"center-center\",\"image_size\":\"cover\",\"image_width\":\"2560\",\"style\":\"secondary\",\"title_breakpoint\":\"xl\",\"title_position\":\"top-left\",\"title_rotation\":\"left\",\"vertical_align\":\"middle\",\"width\":\"default\"},\"children\":[{\"type\":\"row\",\"props\":{\"margin\":\"remove-vertical\"},\"children\":[{\"type\":\"column\",\"props\":{\"image_position\":\"center-center\",\"position_sticky_breakpoint\":\"m\",\"width_medium\":\"1-1\"}}]}],\"name\":\"Image\"},{\"type\":\"section\",\"props\":{\"image_position\":\"center-center\",\"padding\":\"xsmall\",\"padding_remove_top\":true,\"style\":\"secondary\",\"title_breakpoint\":\"xl\",\"title_position\":\"top-left\",\"title_rotation\":\"left\",\"vertical_align\":\"\",\"width\":\"default\"},\"children\":[{\"type\":\"row\",\"children\":[{\"type\":\"column\",\"props\":{\"image_position\":\"center-center\",\"position_sticky_breakpoint\":\"m\"}}]}]},{\"type\":\"section\",\"props\":{\"height\":\"viewport\",\"image\":\"wp-content\\\/uploads\\\/2025\\\/02\\\/5-ecoverdure-202427346_Web.jpg\",\"image_effect\":\"parallax\",\"image_parallax_easing\":\"1\",\"image_position\":\"center-center\",\"image_size\":\"cover\",\"image_width\":\"2560\",\"style\":\"secondary\",\"title_breakpoint\":\"xl\",\"title_position\":\"top-left\",\"title_rotation\":\"left\",\"vertical_align\":\"middle\",\"width\":\"default\"},\"children\":[{\"type\":\"row\",\"props\":{\"margin\":\"remove-vertical\"},\"children\":[{\"type\":\"column\",\"props\":{\"image_position\":\"center-center\",\"position_sticky_breakpoint\":\"m\",\"width_medium\":\"1-1\"}}]}],\"name\":\"Image\"},{\"type\":\"section\",\"props\":{\"image_position\":\"center-center\",\"padding\":\"xsmall\",\"padding_remove_top\":true,\"style\":\"secondary\",\"title_breakpoint\":\"xl\",\"title_position\":\"top-left\",\"title_rotation\":\"left\",\"vertical_align\":\"\",\"width\":\"default\"},\"children\":[{\"type\":\"row\",\"children\":[{\"type\":\"column\",\"props\":{\"image_position\":\"center-center\",\"position_sticky_breakpoint\":\"m\"}}]}]},{\"type\":\"section\",\"props\":{\"height\":\"viewport\",\"image\":\"wp-content\\\/uploads\\\/2025\\\/02\\\/6-ecoverdure-202427152_Web.jpg\",\"image_effect\":\"parallax\",\"image_parallax_easing\":\"1\",\"image_position\":\"center-center\",\"image_size\":\"cover\",\"image_width\":\"2560\",\"style\":\"secondary\",\"title_breakpoint\":\"xl\",\"title_position\":\"top-left\",\"title_rotation\":\"left\",\"vertical_align\":\"middle\",\"width\":\"default\"},\"children\":[{\"type\":\"row\",\"props\":{\"margin\":\"remove-vertical\"},\"children\":[{\"type\":\"column\",\"props\":{\"image_position\":\"center-center\",\"position_sticky_breakpoint\":\"m\",\"width_medium\":\"1-1\"}}]}],\"name\":\"Image\"}],\"version\":\"4.5.1\"} --><\/p>","protected":false},"excerpt":{"rendered":"<p>Convives et Confort. Dans l&rsquo;esprit de professionnels tr\u00e8s occup\u00e9s, d\u00e9sireux de cultiver des moments de qualit\u00e9 avec amis et famille, notre jardin \u00ab\u00a0Convives et Confort\u00a0\u00bb offre un espace ext\u00e9rieur qui allie \u00e9l\u00e9gance contemporaine et facilit\u00e9 d&rsquo;entretien. Pens\u00e9 pour ceux qui profitent d\u00e9j\u00e0 d&rsquo;une r\u00e9sidence secondaire le week-end, ce jardin a \u00e9t\u00e9 con\u00e7u pour minimiser les [&hellip;]<\/p>","protected":false},"author":1,"featured_media":0,"parent":0,"menu_order":0,"comment_status":"closed","ping_status":"closed","template":"","meta":{"footnotes":""},"class_list":["post-2027","page","type-page","status-publish","hentry"],"_links":{"self":[{"href":"https:\/\/richardbelisle.com\/rbap\/en\/wp-json\/wp\/v2\/pages\/2027","targetHints":{"allow":["GET"]}}],"collection":[{"href":"https:\/\/richardbelisle.com\/rbap\/en\/wp-json\/wp\/v2\/pages"}],"about":[{"href":"https:\/\/richardbelisle.com\/rbap\/en\/wp-json\/wp\/v2\/types\/page"}],"author":[{"embeddable":true,"href":"https:\/\/richardbelisle.com\/rbap\/en\/wp-json\/wp\/v2\/users\/1"}],"replies":[{"embeddable":true,"href":"https:\/\/richardbelisle.com\/rbap\/en\/wp-json\/wp\/v2\/comments?post=2027"}],"version-history":[{"count":3,"href":"https:\/\/richardbelisle.com\/rbap\/en\/wp-json\/wp\/v2\/pages\/2027\/revisions"}],"predecessor-version":[{"id":2036,"href":"https:\/\/richardbelisle.com\/rbap\/en\/wp-json\/wp\/v2\/pages\/2027\/revisions\/2036"}],"wp:attachment":[{"href":"https:\/\/richardbelisle.com\/rbap\/en\/wp-json\/wp\/v2\/media?parent=2027"}],"curies":[{"name":"wp","href":"https:\/\/api.w.org\/{rel}","templated":true}]}}