{"id":1166,"date":"2022-04-20T23:47:37","date_gmt":"2022-04-20T23:47:37","guid":{"rendered":"https:\/\/richardbelisle.com\/rbap\/?page_id=1166"},"modified":"2025-02-10T02:44:29","modified_gmt":"2025-02-10T02:44:29","slug":"projets-residentiels","status":"publish","type":"page","link":"https:\/\/richardbelisle.com\/rbap\/projets-residentiels\/","title":{"rendered":"Projets R\u00e9sidentiels"},"content":{"rendered":"<h1>Projets R\u00e9sidentiels<span class=\"uk-text-primary\">.<\/span><\/h1>\n<ul>\n<li>\n<p>        <img decoding=\"async\" src=\"\/rbap\/wp-content\/uploads\/2024\/02\/2-St-Lambert-33.jpg\" alt=\"\"><\/p>\n<div>Douce farniente<\/div>\n<p><a href=\"\/rbap\/douce-farniente\"><\/a><\/p>\n<\/li>\n<li>\n<p>        <img decoding=\"async\" src=\"\/rbap\/wp-content\/uploads\/2022\/04\/P3400433-1.jpg\" alt=\"\"><\/p>\n<div>Ambiance Feutr\u00e9e<\/div>\n<p><a href=\"\/rbap\/ambiance-feutree\"><\/a><\/p>\n<\/li>\n<li>\n<p>        <img decoding=\"async\" src=\"\/rbap\/wp-content\/uploads\/2023\/02\/2_DJI_0443.jpg\" alt=\"\"><\/p>\n<div>Modernisme et Nature<\/div>\n<p><a href=\"\/rbap\/modernisme-et-nature\"><\/a><\/p>\n<\/li>\n<li>\n<p>        <img decoding=\"async\" src=\"\/rbap\/wp-content\/uploads\/2022\/04\/1-cam-2238_39_40_41_42_43_44-Copie.jpg\" alt=\"\"><\/p>\n<div>\u00c9l\u00e9gance et sobri\u00e9t\u00e9<\/div>\n<p><a href=\"\/rbap\/elegance-et-sobriete\"><\/a><\/p>\n<\/li>\n<li>\n<p>        <img decoding=\"async\" src=\"\/rbap\/wp-content\/uploads\/2022\/04\/IMG_3998-3.jpg\" alt=\"\"><\/p>\n<div>Calme et D\u00e9tente<\/div>\n<p><a href=\"\/rbap\/calme-et-detente\"><\/a><\/p>\n<\/li>\n<li>\n<p>        <img decoding=\"async\" src=\"\/rbap\/wp-content\/uploads\/2022\/04\/DJI_0185-HDRvert-1.jpg\" alt=\"\"><\/p>\n<div>Land-Art<\/div>\n<p><a href=\"\/rbap\/land-art\"><\/a><\/p>\n<\/li>\n<li>\n<p>        <img decoding=\"async\" src=\"\/rbap\/wp-content\/uploads\/2022\/04\/1-Drone-71.jpg\" alt=\"\"><\/p>\n<div>\u00c9l\u00e9gante et classique<\/div>\n<p><a href=\"\/rbap\/elegante-et-classique\"><\/a><\/p>\n<\/li>\n<li>\n<p>        <img decoding=\"async\" src=\"\/rbap\/wp-content\/uploads\/2023\/03\/1-PRIX-23.jpg\" alt=\"\"><\/p>\n<div>Farm house<\/div>\n<p><a href=\"\/rbap\/farm-house\"><\/a><\/p>\n<\/li>\n<li>\n<p>        <img decoding=\"async\" src=\"\/rbap\/wp-content\/uploads\/2022\/05\/Projet-Kieken-1-scaled.jpg\" alt=\"\"><\/p>\n<div>Inspiration zen<\/div>\n<p><a href=\"\/rbap\/inspiration-zen\"><\/a><\/p>\n<\/li>\n<li>\n<p>        <img decoding=\"async\" src=\"\/rbap\/wp-content\/uploads\/2025\/02\/1-ecoverdure-202427542_Web.jpg\" alt=\"\"><\/p>\n<div>Oasis Urbain<\/div>\n<p><a href=\"\/rbap\/Oasis-Urbain\"><\/a><\/p>\n<\/li>\n<li>\n<p>        <img decoding=\"async\" src=\"\/rbap\/wp-content\/uploads\/2025\/02\/1-ecoverdure-202427210_Web.jpg\" alt=\"\"><\/p>\n<div>Convives et Confort<\/div>\n<p><a href=\"\/rbap\/Convives-et-Confort\"><\/a><\/p>\n<\/li>\n<li>\n<p>        <img decoding=\"async\" src=\"\/rbap\/wp-content\/uploads\/2022\/05\/MG_4274.jpg\" alt=\"\"><\/p>\n<div>Jardin de Ville<\/div>\n<p><a href=\"\/rbap\/jardin-de-ville\"><\/a><\/p>\n<\/li>\n<li>\n<p>        <img decoding=\"async\" src=\"\/rbap\/wp-content\/uploads\/2022\/05\/allard_MG_5723-6.jpg\" alt=\"\"><\/p>\n<div>M\u00e9tamorphose<\/div>\n<p><a href=\"\/rbap\/metamorphose\"><\/a><\/p>\n<\/li>\n<li>\n<p>        <img decoding=\"async\" src=\"\/rbap\/wp-content\/uploads\/2022\/05\/IMG_8610_Retouched_WEB.jpg\" alt=\"\"><\/p>\n<div>\u00c9pur\u00e9 et Stylis\u00e9<\/div>\n<p><a href=\"\/rbap\/epure-et-stylise\"><\/a><\/p>\n<\/li>\n<li>\n<p>        <img decoding=\"async\" src=\"\/rbap\/wp-content\/uploads\/2023\/03\/1-PRIX-23-1.jpg\" alt=\"\"><\/p>\n<div>Jolie Urbaine<\/div>\n<p><a href=\"\/rbap\/jolie-urbaine\"><\/a><\/p>\n<\/li>\n<li>\n<p>        <img decoding=\"async\" src=\"\/rbap\/wp-content\/uploads\/2022\/05\/divers2.jpg\" alt=\"\"><\/p>\n<div>Paysages Naturels<\/div>\n<p><a href=\"\/rbap\/paysages-naturels\"><\/a><\/p>\n<\/li>\n<li>\n<p>        <img decoding=\"async\" src=\"\/rbap\/wp-content\/uploads\/2022\/05\/8-cam-2672_3_4_5_6_7_8.jpg\" alt=\"\"><\/p>\n<div>Mid Century Modern 1<\/div>\n<p><a href=\"\/rbap\/mid-century-modern-1\"><\/a><\/p>\n<\/li>\n<li>\n<p>        <img decoding=\"async\" src=\"\/rbap\/wp-content\/uploads\/2022\/05\/P3410712-HDRv2.jpg\" alt=\"\"><\/p>\n<div>Simplicit\u00e9 et Gramin\u00e9es<\/div>\n<p><a href=\"\/rbap\/simplicite-et-graminees\"><\/a><\/p>\n<\/li>\n<li>\n<p>        <img decoding=\"async\" src=\"\/rbap\/wp-content\/uploads\/2022\/05\/1-Cam-2273_4_5_6_7_8_9.jpg\" alt=\"\"><\/p>\n<div>Cour festive<\/div>\n<p><a href=\"\/rbap\/cour-festive\"><\/a><\/p>\n<\/li>\n<li>\n<p>        <img decoding=\"async\" src=\"\/rbap\/wp-content\/uploads\/2022\/05\/Shooting-Luc-Gelinas-architecte-15-sur-303.jpg\" alt=\"\"><\/p>\n<div>Ancestrale au go\u00fbt du jour<\/div>\n<p><a href=\"\/rbap\/ancestrale-au-gout-du-jour\"><\/a><\/p>\n<\/li>\n<li>\n<p>        <img decoding=\"async\" src=\"\/rbap\/wp-content\/uploads\/2022\/05\/281A1823-scaled.jpg\" alt=\"\"><\/p>\n<div>Stylis\u00e9 et Classique<\/div>\n<p><a href=\"\/rbap\/stylise-et-classique\"><\/a><\/p>\n<\/li>\n<li>\n<p>        <img decoding=\"async\" src=\"\/rbap\/wp-content\/uploads\/2022\/05\/1-drone-906_07_08_09_10.jpg\" alt=\"\"><\/p>\n<div>Urbaine revivifi\u00e9e<\/div>\n<p><a href=\"\/rbap\/urbaine-revivifiee\"><\/a><\/p>\n<\/li>\n<li>\n<p>        <img decoding=\"async\" src=\"\/rbap\/wp-content\/uploads\/2023\/02\/1b_Drone-166_67_68_69_70.jpg\" alt=\"\"><\/p>\n<div>Projets avant\/apr\u00e8s<\/div>\n<p><a href=\"\/rbap\/projets-avant-apres\"><\/a><\/p>\n<\/li>\n<\/ul>\n<p><!--more--><br \/>\n<!-- {\"name\":\"Projets\",\"type\":\"layout\",\"children\":[{\"type\":\"section\",\"props\":{\"animation\":\"slide-left-small\",\"animation_delay\":\"200\",\"header_transparent\":true,\"header_transparent_text_color\":\"light\",\"image\":\"wp-content\\\/uploads\\\/yootheme\\\/home-hero-bg.svg\",\"image_position\":\"top-center\",\"padding\":\"large\",\"padding_remove_bottom\":true,\"style\":\"secondary\",\"title_breakpoint\":\"xl\",\"title_position\":\"top-left\",\"title_rotation\":\"left\",\"vertical_align\":\"\",\"width\":\"\"},\"children\":[{\"type\":\"row\",\"props\":{\"margin\":\"xlarge\",\"width\":\"default\"},\"children\":[{\"type\":\"column\",\"props\":{\"image_position\":\"center-center\",\"position_sticky_breakpoint\":\"m\",\"width_medium\":\"1-1\"},\"children\":[{\"type\":\"headline\",\"props\":{\"content\":\"Projets R\\u00e9sidentiels<span class=\\\"uk-text-primary\\\">.<\\\/span>\",\"title_element\":\"h1\",\"title_style\":\"heading-small\"}}]}]},{\"type\":\"row\",\"children\":[{\"type\":\"column\",\"props\":{\"image_position\":\"center-center\",\"position_sticky_breakpoint\":\"m\",\"width_medium\":\"1-1\"},\"children\":[{\"type\":\"gallery\",\"props\":{\"css\":\".el-image {\\n    width:  835px;\\n    height: 400px;\\n    object-fit: cover;\\n}\",\"filter\":true,\"filter_align\":\"center\",\"filter_all\":true,\"filter_grid_breakpoint\":\"m\",\"filter_grid_width\":\"auto\",\"filter_margin\":\"medium\",\"filter_position\":\"top\",\"filter_style\":\"tab\",\"grid_column_gap\":\"small\",\"grid_default\":\"1\",\"grid_medium\":\"3\",\"grid_row_gap\":\"small\",\"grid_small\":\"2\",\"image_width\":\"835\",\"item_animation\":true,\"lightbox_bg_close\":true,\"link_style\":\"default\",\"link_text\":\"\",\"margin\":\"default\",\"meta_align\":\"below-title\",\"meta_element\":\"div\",\"meta_style\":\"text-meta\",\"overlay_hover\":true,\"overlay_link\":true,\"overlay_mode\":\"cover\",\"overlay_position\":\"center\",\"overlay_style\":\"overlay-primary\",\"overlay_transition\":\"fade\",\"parallax_easing\":\"1\",\"show_content\":true,\"show_hover_image\":true,\"show_hover_video\":true,\"show_link\":true,\"show_meta\":true,\"show_title\":true,\"text_align\":\"left\",\"text_color\":\"light\",\"title_element\":\"div\",\"title_hover_style\":\"reset\",\"title_style\":\"h3\"},\"children\":[{\"type\":\"gallery_item\",\"props\":{\"image\":\"wp-content\\\/uploads\\\/2024\\\/02\\\/2-St-Lambert-33.jpg\",\"link\":\"douce-farniente\",\"title\":\"Douce farniente\"}},{\"type\":\"gallery_item\",\"props\":{\"image\":\"wp-content\\\/uploads\\\/2022\\\/04\\\/P3400433-1.jpg\",\"link\":\"ambiance-feutree\",\"title\":\"Ambiance Feutr\\u00e9e\"}},{\"type\":\"gallery_item\",\"props\":{\"image\":\"wp-content\\\/uploads\\\/2023\\\/02\\\/2_DJI_0443.jpg\",\"link\":\"modernisme-et-nature\",\"title\":\"Modernisme et Nature\"}},{\"type\":\"gallery_item\",\"props\":{\"image\":\"wp-content\\\/uploads\\\/2022\\\/04\\\/1-cam-2238_39_40_41_42_43_44-Copie.jpg\",\"link\":\"elegance-et-sobriete\",\"title\":\"\\u00c9l\\u00e9gance et sobri\\u00e9t\\u00e9\"}},{\"type\":\"gallery_item\",\"props\":{\"image\":\"wp-content\\\/uploads\\\/2022\\\/04\\\/IMG_3998-3.jpg\",\"link\":\"calme-et-detente\",\"title\":\"Calme et D\\u00e9tente\"}},{\"type\":\"gallery_item\",\"props\":{\"image\":\"wp-content\\\/uploads\\\/2022\\\/04\\\/DJI_0185-HDRvert-1.jpg\",\"link\":\"land-art\",\"title\":\"Land-Art\"}},{\"type\":\"gallery_item\",\"props\":{\"image\":\"wp-content\\\/uploads\\\/2022\\\/04\\\/1-Drone-71.jpg\",\"link\":\"elegante-et-classique\",\"title\":\"\\u00c9l\\u00e9gante et classique\"}},{\"type\":\"gallery_item\",\"props\":{\"image\":\"wp-content\\\/uploads\\\/2023\\\/03\\\/1-PRIX-23.jpg\",\"link\":\"farm-house\",\"title\":\"Farm house\"}},{\"type\":\"gallery_item\",\"props\":{\"image\":\"wp-content\\\/uploads\\\/2022\\\/05\\\/Projet-Kieken-1-scaled.jpg\",\"link\":\"inspiration-zen\",\"title\":\"Inspiration zen\"}},{\"type\":\"gallery_item\",\"props\":{\"image\":\"wp-content\\\/uploads\\\/2025\\\/02\\\/1-ecoverdure-202427542_Web.jpg\",\"link\":\"Oasis-Urbain\",\"title\":\"Oasis Urbain\"}},{\"type\":\"gallery_item\",\"props\":{\"image\":\"wp-content\\\/uploads\\\/2025\\\/02\\\/1-ecoverdure-202427210_Web.jpg\",\"link\":\"Convives-et-Confort\",\"title\":\"Convives et Confort\"}},{\"type\":\"gallery_item\",\"props\":{\"image\":\"wp-content\\\/uploads\\\/2022\\\/05\\\/MG_4274.jpg\",\"link\":\"jardin-de-ville\",\"title\":\"Jardin de Ville\"}},{\"type\":\"gallery_item\",\"props\":{\"image\":\"wp-content\\\/uploads\\\/2022\\\/05\\\/allard_MG_5723-6.jpg\",\"link\":\"metamorphose\",\"title\":\"M\\u00e9tamorphose\"}},{\"type\":\"gallery_item\",\"props\":{\"image\":\"wp-content\\\/uploads\\\/2022\\\/05\\\/IMG_8610_Retouched_WEB.jpg\",\"link\":\"epure-et-stylise\",\"title\":\"\\u00c9pur\\u00e9 et Stylis\\u00e9\"}},{\"type\":\"gallery_item\",\"props\":{\"image\":\"wp-content\\\/uploads\\\/2023\\\/03\\\/1-PRIX-23-1.jpg\",\"link\":\"jolie-urbaine\",\"title\":\"Jolie Urbaine\"}},{\"type\":\"gallery_item\",\"props\":{\"image\":\"wp-content\\\/uploads\\\/2022\\\/05\\\/divers2.jpg\",\"link\":\"paysages-naturels\",\"title\":\"Paysages Naturels\"}},{\"type\":\"gallery_item\",\"props\":{\"image\":\"wp-content\\\/uploads\\\/2022\\\/05\\\/8-cam-2672_3_4_5_6_7_8.jpg\",\"link\":\"mid-century-modern-1\",\"title\":\"Mid Century Modern 1\"}},{\"type\":\"gallery_item\",\"props\":{\"image\":\"wp-content\\\/uploads\\\/2022\\\/05\\\/P3410712-HDRv2.jpg\",\"link\":\"simplicite-et-graminees\",\"title\":\"Simplicit\\u00e9 et Gramin\\u00e9es\"}},{\"type\":\"gallery_item\",\"props\":{\"image\":\"wp-content\\\/uploads\\\/2022\\\/05\\\/1-Cam-2273_4_5_6_7_8_9.jpg\",\"link\":\"cour-festive\",\"title\":\"Cour festive\"}},{\"type\":\"gallery_item\",\"props\":{\"image\":\"wp-content\\\/uploads\\\/2022\\\/05\\\/Shooting-Luc-Gelinas-architecte-15-sur-303.jpg\",\"link\":\"ancestrale-au-gout-du-jour\",\"title\":\"Ancestrale au go\\u00fbt du jour\"}},{\"type\":\"gallery_item\",\"props\":{\"image\":\"wp-content\\\/uploads\\\/2022\\\/05\\\/281A1823-scaled.jpg\",\"link\":\"stylise-et-classique\",\"title\":\"Stylis\\u00e9 et Classique\"}},{\"type\":\"gallery_item\",\"props\":{\"image\":\"wp-content\\\/uploads\\\/2022\\\/05\\\/1-drone-906_07_08_09_10.jpg\",\"link\":\"urbaine-revivifiee\",\"title\":\"Urbaine revivifi\\u00e9e\"}},{\"type\":\"gallery_item\",\"props\":{\"image\":\"wp-content\\\/uploads\\\/2023\\\/02\\\/1b_Drone-166_67_68_69_70.jpg\",\"link\":\"projets-avant-apres\",\"title\":\"Projets avant\\\/apr\\u00e8s\"}}]}]}]}],\"name\":\"Portfolio\"}],\"version\":\"4.5.1\"} --><\/p>\n","protected":false},"excerpt":{"rendered":"<p>Projets R\u00e9sidentiels. Douce farniente Ambiance Feutr\u00e9e Modernisme et Nature \u00c9l\u00e9gance et sobri\u00e9t\u00e9 Calme et D\u00e9tente Land-Art \u00c9l\u00e9gante et classique Farm house Inspiration zen Oasis Urbain Convives et Confort Jardin de Ville M\u00e9tamorphose \u00c9pur\u00e9 et Stylis\u00e9 Jolie Urbaine Paysages Naturels Mid Century Modern 1 Simplicit\u00e9 et Gramin\u00e9es Cour festive Ancestrale au go\u00fbt du jour Stylis\u00e9 et [&hellip;]<\/p>\n","protected":false},"author":1,"featured_media":0,"parent":0,"menu_order":0,"comment_status":"closed","ping_status":"closed","template":"","meta":{"footnotes":""},"class_list":["post-1166","page","type-page","status-publish","hentry"],"_links":{"self":[{"href":"https:\/\/richardbelisle.com\/rbap\/wp-json\/wp\/v2\/pages\/1166","targetHints":{"allow":["GET"]}}],"collection":[{"href":"https:\/\/richardbelisle.com\/rbap\/wp-json\/wp\/v2\/pages"}],"about":[{"href":"https:\/\/richardbelisle.com\/rbap\/wp-json\/wp\/v2\/types\/page"}],"author":[{"embeddable":true,"href":"https:\/\/richardbelisle.com\/rbap\/wp-json\/wp\/v2\/users\/1"}],"replies":[{"embeddable":true,"href":"https:\/\/richardbelisle.com\/rbap\/wp-json\/wp\/v2\/comments?post=1166"}],"version-history":[{"count":37,"href":"https:\/\/richardbelisle.com\/rbap\/wp-json\/wp\/v2\/pages\/1166\/revisions"}],"predecessor-version":[{"id":2097,"href":"https:\/\/richardbelisle.com\/rbap\/wp-json\/wp\/v2\/pages\/1166\/revisions\/2097"}],"wp:attachment":[{"href":"https:\/\/richardbelisle.com\/rbap\/wp-json\/wp\/v2\/media?parent=1166"}],"curies":[{"name":"wp","href":"https:\/\/api.w.org\/{rel}","templated":true}]}}