{"id":1190,"date":"2022-04-21T00:07:53","date_gmt":"2022-04-21T00:07:53","guid":{"rendered":"https:\/\/richardbelisle.com\/rbap\/?page_id=1190"},"modified":"2023-02-20T00:19:10","modified_gmt":"2023-02-20T00:19:10","slug":"elegante-et-classique","status":"publish","type":"page","link":"https:\/\/richardbelisle.com\/rbap\/elegante-et-classique\/","title":{"rendered":"\u00c9l\u00e9gante et classique\ufffc"},"content":{"rendered":"<h1>\u00c9l\u00e9gante et classique<span class=\"uk-text-primary\">.<\/span><\/h1>\n<blockquote>\n<p style=\"text-align: justify; font-size: 18px;\">Magnifique r\u00e9sidence du d\u00e9but du si\u00e8cle dernier. Le mandat pour ce projet fut d\u2019\u00e9tablir un espace de vie qui se veut \u00e0 la fois classique, intemporel et n\u00e9cessitant tr\u00e8s peu d\u2019entretien. La cour, d\u2019une bonne dimension, nous a permis d\u2019implanter la piscine et bien la s\u00e9curiser avec le garage revamp\u00e9. La fa\u00e7ade, tr\u00e8s inspirante et unique, nous a dict\u00e9 \u00e0 demeurer sobre dans la proposition.<\/p>\n<\/blockquote>\n<p><!--more--><br \/>\n<!-- {\"name\":\"Projet2\",\"type\":\"layout\",\"children\":[{\"type\":\"section\",\"props\":{\"animation\":\"slide-left-small\",\"header_transparent_noplaceholder\":false,\"image\":\"wp-content\\\/uploads\\\/yootheme\\\/home-hero-bg.svg\",\"image_position\":\"top-center\",\"padding\":\"small\",\"status\":\"\",\"style\":\"secondary\",\"title_breakpoint\":\"xl\",\"title_position\":\"top-left\",\"title_rotation\":\"left\",\"vertical_align\":\"middle\",\"width\":\"default\"},\"children\":[{\"type\":\"row\",\"children\":[{\"type\":\"column\",\"props\":{\"image_position\":\"center-center\",\"media_overlay_gradient\":\"\",\"position_sticky_breakpoint\":\"m\",\"width_medium\":\"1-1\"},\"children\":[{\"type\":\"headline\",\"props\":{\"animation\":\"slide-left-small\",\"class\":\"uk-margin-large-top\",\"content\":\"\\u00c9l\\u00e9gante et classique<span class=\\\"uk-text-primary\\\">.<\\\/span>\",\"title_element\":\"h1\",\"title_style\":\"heading-small\"}}]}]}],\"name\":\"Hero\"},{\"type\":\"section\",\"props\":{\"image_position\":\"center-center\",\"padding_remove_bottom\":false,\"padding_remove_top\":true,\"style\":\"secondary\",\"title_breakpoint\":\"xl\",\"title_position\":\"top-left\",\"title_rotation\":\"left\",\"vertical_align\":\"middle\",\"width\":\"default\"},\"children\":[{\"type\":\"row\",\"children\":[{\"type\":\"column\",\"props\":{\"image_position\":\"center-center\",\"media_overlay_gradient\":\"\",\"position_sticky_breakpoint\":\"m\"},\"children\":[{\"type\":\"quotation\",\"props\":{\"content\":\"\n\n<p style=\\\"text-align: justify; font-size: 18px;\\\">Magnifique r\\u00e9sidence du d\\u00e9but du si\\u00e8cle dernier. Le mandat pour ce projet fut d\\u2019\\u00e9tablir un espace de vie qui se veut \\u00e0 la fois classique, intemporel et n\\u00e9cessitant tr\\u00e8s peu d\\u2019entretien. La cour, d\\u2019une bonne dimension, nous a permis d\\u2019implanter la piscine et bien la s\\u00e9curiser avec le garage revamp\\u00e9. La fa\\u00e7ade, tr\\u00e8s inspirante et unique, nous a dict\\u00e9 \\u00e0 demeurer sobre dans la proposition.<\\\/p>\",\"margin_remove_bottom\":false,\"text_align\":\"justify\"}}]}]}],\"name\":\"Description des projets\"},{\"type\":\"section\",\"props\":{\"height\":\"full\",\"image\":\"wp-content\\\/uploads\\\/2022\\\/05\\\/2-149.jpg\",\"image_effect\":\"parallax\",\"image_parallax_easing\":\"1\",\"image_position\":\"center-center\",\"image_size\":\"cover\",\"image_width\":\"2560\",\"padding\":\"xlarge\",\"style\":\"secondary\",\"title_breakpoint\":\"xl\",\"title_position\":\"top-left\",\"title_rotation\":\"left\",\"vertical_align\":\"middle\",\"width\":\"default\"},\"children\":[{\"type\":\"row\",\"children\":[{\"type\":\"column\",\"props\":{\"image_position\":\"center-center\",\"media_overlay_gradient\":\"\",\"position_sticky_breakpoint\":\"m\",\"width_medium\":\"1-1\"},\"children\":[]}],\"props\":{\"height\":\"percent\"}}],\"name\":\"Image\"},{\"type\":\"section\",\"props\":{\"image_position\":\"center-center\",\"padding\":\"xsmall\",\"padding_remove_bottom\":true,\"padding_remove_top\":false,\"style\":\"secondary\",\"title_breakpoint\":\"xl\",\"title_position\":\"top-left\",\"title_rotation\":\"left\",\"vertical_align\":\"middle\",\"width\":\"default\"},\"children\":[{\"type\":\"row\",\"children\":[{\"type\":\"column\",\"props\":{\"image_position\":\"center-center\",\"media_overlay_gradient\":\"\",\"position_sticky_breakpoint\":\"m\"},\"children\":[]}]}]},{\"type\":\"section\",\"props\":{\"height\":\"full\",\"image\":\"wp-content\\\/uploads\\\/2022\\\/05\\\/3-Cam-259.jpg\",\"image_effect\":\"parallax\",\"image_parallax_easing\":\"1\",\"image_position\":\"center-center\",\"image_size\":\"cover\",\"image_width\":\"2560\",\"style\":\"secondary\",\"title_breakpoint\":\"xl\",\"title_position\":\"top-left\",\"title_rotation\":\"left\",\"vertical_align\":\"middle\",\"width\":\"default\"},\"children\":[{\"type\":\"row\",\"children\":[{\"type\":\"column\",\"props\":{\"image_position\":\"center-center\",\"media_overlay_gradient\":\"\",\"position_sticky_breakpoint\":\"m\",\"width_medium\":\"1-1\"},\"children\":[]}]}],\"name\":\"Image\"},{\"type\":\"section\",\"props\":{\"image_position\":\"center-center\",\"padding\":\"xsmall\",\"padding_remove_bottom\":true,\"padding_remove_top\":false,\"style\":\"secondary\",\"title_breakpoint\":\"xl\",\"title_position\":\"top-left\",\"title_rotation\":\"left\",\"vertical_align\":\"middle\",\"width\":\"default\"},\"children\":[{\"type\":\"row\",\"children\":[{\"type\":\"column\",\"props\":{\"image_position\":\"center-center\",\"media_overlay_gradient\":\"\",\"position_sticky_breakpoint\":\"m\"},\"children\":[]}]}]},{\"type\":\"section\",\"props\":{\"height\":\"full\",\"image\":\"wp-content\\\/uploads\\\/2022\\\/05\\\/4-Cam-243.jpg\",\"image_effect\":\"parallax\",\"image_parallax_easing\":\"1\",\"image_position\":\"center-center\",\"image_size\":\"cover\",\"image_width\":\"2560\",\"style\":\"secondary\",\"title_breakpoint\":\"xl\",\"title_position\":\"top-left\",\"title_rotation\":\"left\",\"vertical_align\":\"middle\",\"width\":\"default\"},\"children\":[{\"type\":\"row\",\"children\":[{\"type\":\"column\",\"props\":{\"image_position\":\"center-center\",\"media_overlay_gradient\":\"\",\"position_sticky_breakpoint\":\"m\",\"width_medium\":\"1-1\"},\"children\":[]}]}],\"name\":\"Image\"},{\"type\":\"section\",\"props\":{\"image_position\":\"center-center\",\"padding\":\"xsmall\",\"padding_remove_bottom\":true,\"padding_remove_top\":false,\"style\":\"secondary\",\"title_breakpoint\":\"xl\",\"title_position\":\"top-left\",\"title_rotation\":\"left\",\"vertical_align\":\"middle\",\"width\":\"default\"},\"children\":[{\"type\":\"row\",\"children\":[{\"type\":\"column\",\"props\":{\"image_position\":\"center-center\",\"media_overlay_gradient\":\"\",\"position_sticky_breakpoint\":\"m\"},\"children\":[]}]}]},{\"type\":\"section\",\"props\":{\"height\":\"full\",\"image\":\"wp-content\\\/uploads\\\/2022\\\/05\\\/5-162.jpg\",\"image_effect\":\"parallax\",\"image_parallax_easing\":\"1\",\"image_position\":\"center-center\",\"image_size\":\"cover\",\"image_width\":\"2560\",\"style\":\"secondary\",\"title_breakpoint\":\"xl\",\"title_position\":\"top-left\",\"title_rotation\":\"left\",\"vertical_align\":\"middle\",\"width\":\"default\"},\"children\":[{\"type\":\"row\",\"props\":{\"margin\":\"remove-vertical\"},\"children\":[{\"type\":\"column\",\"props\":{\"image_position\":\"center-center\",\"media_overlay_gradient\":\"\",\"position_sticky_breakpoint\":\"m\",\"width_medium\":\"1-1\"},\"children\":[]}]}],\"name\":\"Image\"},{\"type\":\"section\",\"props\":{\"image_position\":\"center-center\",\"padding\":\"xsmall\",\"padding_remove_bottom\":true,\"padding_remove_top\":false,\"style\":\"secondary\",\"title_breakpoint\":\"xl\",\"title_position\":\"top-left\",\"title_rotation\":\"left\",\"vertical_align\":\"middle\",\"width\":\"default\"},\"children\":[{\"type\":\"row\",\"children\":[{\"type\":\"column\",\"props\":{\"image_position\":\"center-center\",\"media_overlay_gradient\":\"\",\"position_sticky_breakpoint\":\"m\"},\"children\":[]}]}]},{\"type\":\"section\",\"props\":{\"height\":\"full\",\"image\":\"wp-content\\\/uploads\\\/2022\\\/05\\\/6-Cam-245.jpg\",\"image_effect\":\"parallax\",\"image_parallax_easing\":\"1\",\"image_position\":\"center-center\",\"image_size\":\"cover\",\"image_width\":\"2560\",\"style\":\"secondary\",\"title_breakpoint\":\"xl\",\"title_position\":\"top-left\",\"title_rotation\":\"left\",\"vertical_align\":\"middle\",\"width\":\"default\"},\"children\":[{\"type\":\"row\",\"props\":{\"margin\":\"remove-vertical\"},\"children\":[{\"type\":\"column\",\"props\":{\"image_position\":\"center-center\",\"media_overlay_gradient\":\"\",\"position_sticky_breakpoint\":\"m\",\"width_medium\":\"1-1\"},\"children\":[]}]}],\"name\":\"Image\"},{\"type\":\"section\",\"props\":{\"image_position\":\"center-center\",\"padding\":\"xsmall\",\"padding_remove_bottom\":true,\"padding_remove_top\":false,\"style\":\"secondary\",\"title_breakpoint\":\"xl\",\"title_position\":\"top-left\",\"title_rotation\":\"left\",\"vertical_align\":\"middle\",\"width\":\"default\"},\"children\":[{\"type\":\"row\",\"children\":[{\"type\":\"column\",\"props\":{\"image_position\":\"center-center\",\"media_overlay_gradient\":\"\",\"position_sticky_breakpoint\":\"m\"},\"children\":[]}]}]},{\"type\":\"section\",\"props\":{\"height\":\"full\",\"image\":\"wp-content\\\/uploads\\\/2022\\\/05\\\/7-166.jpg\",\"image_effect\":\"parallax\",\"image_parallax_easing\":\"1\",\"image_position\":\"center-center\",\"image_size\":\"cover\",\"image_width\":\"2560\",\"style\":\"secondary\",\"title_breakpoint\":\"xl\",\"title_position\":\"top-left\",\"title_rotation\":\"left\",\"vertical_align\":\"middle\",\"width\":\"default\"},\"children\":[{\"type\":\"row\",\"props\":{\"margin\":\"remove-vertical\"},\"children\":[{\"type\":\"column\",\"props\":{\"image_position\":\"center-center\",\"media_overlay_gradient\":\"\",\"position_sticky_breakpoint\":\"m\",\"width_medium\":\"1-1\"},\"children\":[]}]}],\"name\":\"Image\"},{\"type\":\"section\",\"props\":{\"image_position\":\"center-center\",\"padding\":\"xsmall\",\"padding_remove_bottom\":true,\"padding_remove_top\":false,\"style\":\"secondary\",\"title_breakpoint\":\"xl\",\"title_position\":\"top-left\",\"title_rotation\":\"left\",\"vertical_align\":\"middle\",\"width\":\"default\"},\"children\":[{\"type\":\"row\",\"children\":[{\"type\":\"column\",\"props\":{\"image_position\":\"center-center\",\"media_overlay_gradient\":\"\",\"position_sticky_breakpoint\":\"m\"},\"children\":[]}]}]},{\"type\":\"section\",\"props\":{\"height\":\"full\",\"image\":\"wp-content\\\/uploads\\\/2022\\\/05\\\/8-Cam-269.jpg\",\"image_effect\":\"parallax\",\"image_parallax_easing\":\"1\",\"image_position\":\"center-center\",\"image_size\":\"cover\",\"image_width\":\"2560\",\"style\":\"secondary\",\"title_breakpoint\":\"xl\",\"title_position\":\"top-left\",\"title_rotation\":\"left\",\"vertical_align\":\"middle\",\"width\":\"default\"},\"children\":[{\"type\":\"row\",\"props\":{\"margin\":\"remove-vertical\"},\"children\":[{\"type\":\"column\",\"props\":{\"image_position\":\"center-center\",\"media_overlay_gradient\":\"\",\"position_sticky_breakpoint\":\"m\",\"width_medium\":\"1-1\"},\"children\":[]}]}],\"name\":\"Image\"},{\"type\":\"section\",\"props\":{\"image_position\":\"center-center\",\"padding\":\"xsmall\",\"padding_remove_bottom\":true,\"padding_remove_top\":false,\"style\":\"secondary\",\"title_breakpoint\":\"xl\",\"title_position\":\"top-left\",\"title_rotation\":\"left\",\"vertical_align\":\"middle\",\"width\":\"default\"},\"children\":[{\"type\":\"row\",\"children\":[{\"type\":\"column\",\"props\":{\"image_position\":\"center-center\",\"media_overlay_gradient\":\"\",\"position_sticky_breakpoint\":\"m\"},\"children\":[]}]}]},{\"type\":\"section\",\"props\":{\"height\":\"full\",\"image\":\"wp-content\\\/uploads\\\/2022\\\/05\\\/9-Cam-264.jpg\",\"image_effect\":\"parallax\",\"image_parallax_easing\":\"1\",\"image_position\":\"center-center\",\"image_size\":\"cover\",\"image_width\":\"2560\",\"style\":\"secondary\",\"title_breakpoint\":\"xl\",\"title_position\":\"top-left\",\"title_rotation\":\"left\",\"vertical_align\":\"middle\",\"width\":\"default\"},\"children\":[{\"type\":\"row\",\"props\":{\"margin\":\"remove-vertical\"},\"children\":[{\"type\":\"column\",\"props\":{\"image_position\":\"center-center\",\"media_overlay_gradient\":\"\",\"position_sticky_breakpoint\":\"m\",\"width_medium\":\"1-1\"},\"children\":[]}]}],\"name\":\"Image\"},{\"type\":\"section\",\"props\":{\"image_position\":\"center-center\",\"padding\":\"xsmall\",\"padding_remove_bottom\":true,\"padding_remove_top\":false,\"style\":\"secondary\",\"title_breakpoint\":\"xl\",\"title_position\":\"top-left\",\"title_rotation\":\"left\",\"vertical_align\":\"middle\",\"width\":\"default\"},\"children\":[{\"type\":\"row\",\"children\":[{\"type\":\"column\",\"props\":{\"image_position\":\"center-center\",\"media_overlay_gradient\":\"\",\"position_sticky_breakpoint\":\"m\"},\"children\":[]}]}]},{\"type\":\"section\",\"props\":{\"height\":\"full\",\"image\":\"wp-content\\\/uploads\\\/2022\\\/05\\\/10-Cam-257.jpg\",\"image_effect\":\"parallax\",\"image_parallax_easing\":\"1\",\"image_position\":\"center-center\",\"image_size\":\"cover\",\"image_width\":\"2560\",\"style\":\"secondary\",\"title_breakpoint\":\"xl\",\"title_position\":\"top-left\",\"title_rotation\":\"left\",\"vertical_align\":\"middle\",\"width\":\"default\"},\"children\":[{\"type\":\"row\",\"props\":{\"margin\":\"remove-vertical\"},\"children\":[{\"type\":\"column\",\"props\":{\"image_position\":\"center-center\",\"media_overlay_gradient\":\"\",\"position_sticky_breakpoint\":\"m\",\"width_medium\":\"1-1\"},\"children\":[]}]}],\"name\":\"Image\"},{\"type\":\"section\",\"props\":{\"image_position\":\"center-center\",\"padding\":\"xsmall\",\"padding_remove_bottom\":true,\"padding_remove_top\":false,\"style\":\"secondary\",\"title_breakpoint\":\"xl\",\"title_position\":\"top-left\",\"title_rotation\":\"left\",\"vertical_align\":\"middle\",\"width\":\"default\"},\"children\":[{\"type\":\"row\",\"children\":[{\"type\":\"column\",\"props\":{\"image_position\":\"center-center\",\"media_overlay_gradient\":\"\",\"position_sticky_breakpoint\":\"m\"},\"children\":[]}]}]},{\"type\":\"section\",\"props\":{\"height\":\"full\",\"image\":\"wp-content\\\/uploads\\\/2022\\\/04\\\/1-Drone-71.jpg\",\"image_effect\":\"parallax\",\"image_parallax_easing\":\"1\",\"image_position\":\"center-center\",\"image_size\":\"cover\",\"image_width\":\"2560\",\"style\":\"secondary\",\"title_breakpoint\":\"xl\",\"title_position\":\"top-left\",\"title_rotation\":\"left\",\"vertical_align\":\"middle\",\"width\":\"default\"},\"children\":[{\"type\":\"row\",\"props\":{\"margin\":\"remove-vertical\"},\"children\":[{\"type\":\"column\",\"props\":{\"image_position\":\"center-center\",\"media_overlay_gradient\":\"\",\"position_sticky_breakpoint\":\"m\",\"width_medium\":\"1-1\"},\"children\":[]}]}],\"name\":\"Image\"}],\"version\":\"3.0.25\"} --><\/p>\n","protected":false},"excerpt":{"rendered":"<p>\u00c9l\u00e9gante et classique. Magnifique r\u00e9sidence du d\u00e9but du si\u00e8cle dernier. Le mandat pour ce projet fut d\u2019\u00e9tablir un espace de vie qui se veut \u00e0 la fois classique, intemporel et n\u00e9cessitant tr\u00e8s peu d\u2019entretien. La cour, d\u2019une bonne dimension, nous a permis d\u2019implanter la piscine et bien la s\u00e9curiser avec le garage revamp\u00e9. La fa\u00e7ade, [&hellip;]<\/p>\n","protected":false},"author":1,"featured_media":0,"parent":0,"menu_order":0,"comment_status":"closed","ping_status":"closed","template":"","meta":{"footnotes":""},"class_list":["post-1190","page","type-page","status-publish","hentry"],"_links":{"self":[{"href":"https:\/\/richardbelisle.com\/rbap\/wp-json\/wp\/v2\/pages\/1190","targetHints":{"allow":["GET"]}}],"collection":[{"href":"https:\/\/richardbelisle.com\/rbap\/wp-json\/wp\/v2\/pages"}],"about":[{"href":"https:\/\/richardbelisle.com\/rbap\/wp-json\/wp\/v2\/types\/page"}],"author":[{"embeddable":true,"href":"https:\/\/richardbelisle.com\/rbap\/wp-json\/wp\/v2\/users\/1"}],"replies":[{"embeddable":true,"href":"https:\/\/richardbelisle.com\/rbap\/wp-json\/wp\/v2\/comments?post=1190"}],"version-history":[{"count":5,"href":"https:\/\/richardbelisle.com\/rbap\/wp-json\/wp\/v2\/pages\/1190\/revisions"}],"predecessor-version":[{"id":1807,"href":"https:\/\/richardbelisle.com\/rbap\/wp-json\/wp\/v2\/pages\/1190\/revisions\/1807"}],"wp:attachment":[{"href":"https:\/\/richardbelisle.com\/rbap\/wp-json\/wp\/v2\/media?parent=1190"}],"curies":[{"name":"wp","href":"https:\/\/api.w.org\/{rel}","templated":true}]}}