{"id":1235,"date":"2022-04-21T03:28:10","date_gmt":"2022-04-21T03:28:10","guid":{"rendered":"https:\/\/richardbelisle.com\/rbap\/?page_id=1235"},"modified":"2023-02-28T23:38:23","modified_gmt":"2023-02-28T23:38:23","slug":"inspiration-voyage","status":"publish","type":"page","link":"https:\/\/richardbelisle.com\/rbap\/inspiration-voyage\/","title":{"rendered":"Inspiration voyage"},"content":{"rendered":"<h1>Inspiration voyage<span class=\"uk-text-primary\">.<\/span><\/h1>\n<ul>\n<li>\n<p>        <img decoding=\"async\" src=\"\/rbap\/wp-content\/uploads\/2022\/04\/002_modifie3.jpg\" alt=\"\"><\/p>\n<h2>Salon Lounge, V\u00e9randa Chiang Mai Resort &#038; Spa, Tha\u00eflande<\/h2>\n<p>Espace d\u00e9tente<\/p>\n<p><a href=\"\/rbap\/wp-content\/uploads\/2022\/04\/002_modifie3.jpg\"><\/a><\/p>\n<\/li>\n<li>\n<p>        <img decoding=\"async\" src=\"\/rbap\/wp-content\/uploads\/2022\/04\/003_modifie.jpg\" alt=\"\"><\/p>\n<h2>Espace piscine, V\u00e9randa Chiang Mai Resort &#038; Spa, Tha\u00eflande<\/h2>\n<p>Piscine<\/p>\n<p><a href=\"\/rbap\/wp-content\/uploads\/2022\/04\/003_modifie.jpg\"><\/a><\/p>\n<\/li>\n<li>\n<p>        <img decoding=\"async\" src=\"\/rbap\/wp-content\/uploads\/2022\/04\/004_modifie.jpg\" alt=\"\"><\/p>\n<h2>Espace d\u00e9tente, V\u00e9randa Chiang Mai Resort &#038; Spa, Tha\u00eflande<\/h2>\n<p>Espace d\u00e9tente<\/p>\n<p><a href=\"\/rbap\/wp-content\/uploads\/2022\/04\/004_modifie.jpg\"><\/a><\/p>\n<\/li>\n<li>\n<p>        <img decoding=\"async\" src=\"\/rbap\/wp-content\/uploads\/2022\/04\/001_modifie.jpg\" alt=\"\"><\/p>\n<h2>Espace piscine, Anantara Chiang Mai Resort &#038; Spa<\/h2>\n<p>Piscine<\/p>\n<p><a href=\"\/rbap\/wp-content\/uploads\/2022\/04\/001_modifie.jpg\"><\/a><\/p>\n<\/li>\n<li>\n<p>        <img decoding=\"async\" src=\"\/rbap\/wp-content\/uploads\/2022\/04\/012_modifie-e1677627180174.jpg\" alt=\"\"><\/p>\n<h2>Mur d\u2019eau, The Librairy, Koh Samui, Tha\u00eflande<\/h2>\n<p>Mur chute d\u2019eau<\/p>\n<p><a href=\"\/rbap\/wp-content\/uploads\/2022\/04\/012_modifie.jpg\"><\/a><\/p>\n<\/li>\n<li>\n<p>        <img decoding=\"async\" src=\"\/rbap\/wp-content\/uploads\/2022\/04\/017_modifie.jpg\" alt=\"\"><\/p>\n<h2>Piscine rouge, The Librairy, Koh Samui, Tha\u00eflande<\/h2>\n<p>Piscine<\/p>\n<p><a href=\"\/rbap\/wp-content\/uploads\/2022\/04\/017_modifie.jpg\"><\/a><\/p>\n<\/li>\n<li>\n<p>        <img decoding=\"async\" src=\"\/rbap\/wp-content\/uploads\/2022\/04\/015_modifie-e1677627227560.jpg\" alt=\"\"><\/p>\n<h2>Mur Architectural, Koh Samui, Tha\u00eflande<\/h2>\n<p>Mur architectural<\/p>\n<p><a href=\"\/rbap\/wp-content\/uploads\/2022\/04\/015_modifie.jpg\"><\/a><\/p>\n<\/li>\n<li>\n<p>        <img decoding=\"async\" src=\"\/rbap\/wp-content\/uploads\/2022\/04\/019_modifie.jpg\" alt=\"\"><\/p>\n<h2>Espace chaises longues, Baan Taling Ngam resort, Tha\u00eflande<\/h2>\n<p>Espace d\u00e9tente<\/p>\n<p><a href=\"\/rbap\/wp-content\/uploads\/2022\/04\/019_modifie.jpg\"><\/a><\/p>\n<\/li>\n<li>\n<p>        <img decoding=\"async\" src=\"\/rbap\/wp-content\/uploads\/2022\/04\/DSC03948-scaled-e1677627262557.jpg\" alt=\"\"><\/p>\n<h2>Vignoble Emiliana, Chili<\/h2>\n<p>Paysage<\/p>\n<p><a href=\"\/rbap\/wp-content\/uploads\/2022\/04\/DSC03948-scaled.jpg\"><\/a><\/p>\n<\/li>\n<li>\n<p>        <img decoding=\"async\" src=\"\/rbap\/wp-content\/uploads\/2022\/04\/DSC03578-scaled.jpg\" alt=\"\"><\/p>\n<h2>Randonn\u00e9e en Patagonie, Chili<\/h2>\n<p>Paysage<\/p>\n<p><a href=\"\/rbap\/wp-content\/uploads\/2022\/04\/DSC03578-scaled.jpg\"><\/a><\/p>\n<\/li>\n<li>\n<p>        <img decoding=\"async\" src=\"\/rbap\/wp-content\/uploads\/2022\/04\/DSC02385-scaled.jpg\" alt=\"\"><\/p>\n<h2>Paysages d\u2019Italie<\/h2>\n<p>Paysage<\/p>\n<p><a href=\"\/rbap\/wp-content\/uploads\/2022\/04\/DSC02385-scaled.jpg\"><\/a><\/p>\n<\/li>\n<li>\n<p>        <img decoding=\"async\" src=\"\/rbap\/wp-content\/uploads\/2022\/04\/DSC03724-scaled.jpg\" alt=\"\"><\/p>\n<h2>Architecture classique et jardins Urbains, Santiago<\/h2>\n<p>Jardins<\/p>\n<p><a href=\"\/rbap\/wp-content\/uploads\/2022\/04\/DSC03724-scaled.jpg\"><\/a><\/p>\n<\/li>\n<li>\n<p>        <img decoding=\"async\" src=\"\/rbap\/wp-content\/uploads\/2022\/04\/DSC03977-scaled-e1677627313280.jpg\" alt=\"\"><\/p>\n<h2>Mur v\u00e9g\u00e9tal, Viana Del Mar<\/h2>\n<p>Murs v\u00e9g\u00e9taux<\/p>\n<p><a href=\"\/rbap\/wp-content\/uploads\/2022\/04\/DSC03977-scaled.jpg\"><\/a><\/p>\n<\/li>\n<li>\n<p>        <img decoding=\"async\" src=\"\/rbap\/wp-content\/uploads\/2022\/04\/DSC03290-scaled-e1677627358496.jpg\" alt=\"\"><\/p>\n<h2>Art urbain, Buenos Aires, Argentine<\/h2>\n<p>Art, Paysage<\/p>\n<p><a href=\"\/rbap\/wp-content\/uploads\/2022\/04\/DSC03290-scaled.jpg\"><\/a><\/p>\n<\/li>\n<li>\n<p>        <img decoding=\"async\" src=\"\/rbap\/wp-content\/uploads\/2022\/04\/186-scaled-e1677627393921.jpg\" alt=\"\"><\/p>\n<h2>Art de rue, Valparaiso, Chili<\/h2>\n<p>Art<\/p>\n<p><a href=\"\/rbap\/wp-content\/uploads\/2022\/04\/186-scaled.jpg\"><\/a><\/p>\n<\/li>\n<li>\n<p>        <img decoding=\"async\" src=\"\/rbap\/wp-content\/uploads\/2022\/04\/IMG_0618-scaled.jpg\" alt=\"\"><\/p>\n<h2>Angleterre: La banlieue et la campagne<\/h2>\n<p>Jardins, Paysage<\/p>\n<p><a href=\"\/rbap\/wp-content\/uploads\/2022\/04\/IMG_0618-scaled.jpg\"><\/a><\/p>\n<\/li>\n<li>\n<p>        <img decoding=\"async\" src=\"\/rbap\/wp-content\/uploads\/2022\/04\/229-2.jpg\" alt=\"\"><\/p>\n<h2>Masca, \u00cele Canaries<\/h2>\n<p>Paysage<\/p>\n<p><a href=\"\/rbap\/wp-content\/uploads\/2022\/04\/229-2.jpg\"><\/a><\/p>\n<\/li>\n<li>\n<p>        <img decoding=\"async\" src=\"\/rbap\/wp-content\/uploads\/2022\/04\/433-1.jpg\" alt=\"\"><\/p>\n<h2>Plage de Tazacorte, \u00cele Canaries<\/h2>\n<p>Paysage<\/p>\n<p><a href=\"\/rbap\/wp-content\/uploads\/2022\/04\/433-1.jpg\"><\/a><\/p>\n<\/li>\n<li>\n<p>        <img decoding=\"async\" src=\"\/rbap\/wp-content\/uploads\/2022\/04\/615-1.jpg\" alt=\"\"><\/p>\n<h2>Belv\u00e9d\u00e8re routier, \u00cele Canaries<\/h2>\n<p>Paysage<\/p>\n<p><a href=\"\/rbap\/wp-content\/uploads\/2022\/04\/615-1.jpg\"><\/a><\/p>\n<\/li>\n<li>\n<p>        <img decoding=\"async\" src=\"\/rbap\/wp-content\/uploads\/2022\/04\/115-2.jpg\" alt=\"\"><\/p>\n<h2>Place public, Barcelone<\/h2>\n<p>Mur architectural, Paysage<\/p>\n<p><a href=\"\/rbap\/wp-content\/uploads\/2022\/04\/115-2.jpg\"><\/a><\/p>\n<\/li>\n<li>\n<p>        <img decoding=\"async\" src=\"\/rbap\/wp-content\/uploads\/2022\/04\/108-2.jpg\" alt=\"\"><\/p>\n<h2>Promenade bord de mer et Jardins, Barcelone<\/h2>\n<p>Jardins, Paysage<\/p>\n<p><a href=\"\/rbap\/wp-content\/uploads\/2022\/04\/108-2.jpg\"><\/a><\/p>\n<\/li>\n<\/ul>\n<p><!--more--><br \/>\n<!-- {\"name\":\"Post Index\",\"type\":\"layout\",\"children\":[{\"type\":\"section\",\"props\":{\"animation\":\"slide-left-small\",\"animation_delay\":\"200\",\"header_transparent\":\"light\",\"image\":\"wp-content\\\/uploads\\\/blog-hero-bg.svg\",\"image_position\":\"top-center\",\"padding\":\"large\",\"padding_remove_bottom\":true,\"style\":\"secondary\",\"title_breakpoint\":\"xl\",\"title_position\":\"top-left\",\"title_rotation\":\"left\",\"vertical_align\":\"middle\",\"width\":\"\"},\"children\":[{\"type\":\"row\",\"props\":{\"margin\":\"xlarge\",\"width\":\"default\"},\"children\":[{\"type\":\"column\",\"props\":{\"image_position\":\"center-center\",\"media_overlay_gradient\":\"\",\"position_sticky_breakpoint\":\"m\",\"width_medium\":\"1-1\"},\"children\":[{\"type\":\"headline\",\"props\":{\"content\":\"Inspiration voyage<span class=\\\"uk-text-primary\\\">.<\\\/span>\",\"title_element\":\"h1\",\"title_style\":\"heading-small\"}}]}]},{\"type\":\"row\",\"children\":[{\"type\":\"column\",\"props\":{\"image_position\":\"center-center\",\"media_overlay_gradient\":\"\",\"position_sticky_breakpoint\":\"m\"},\"children\":[{\"type\":\"grid\",\"props\":{\"content_column_breakpoint\":\"m\",\"filter\":false,\"filter_align\":\"left\",\"filter_all\":true,\"filter_grid_breakpoint\":\"m\",\"filter_grid_width\":\"auto\",\"filter_position\":\"top\",\"filter_style\":\"tab\",\"grid_column_align\":false,\"grid_column_gap\":\"small\",\"grid_default\":\"1\",\"grid_medium\":\"3\",\"grid_row_align\":false,\"grid_row_gap\":\"small\",\"grid_small\":\"2\",\"icon_width\":80,\"image_align\":\"top\",\"image_grid_breakpoint\":\"m\",\"image_grid_width\":\"1-2\",\"image_height\":\"520\",\"image_link\":true,\"image_svg_color\":\"emphasis\",\"image_width\":\"835\",\"item_animation\":true,\"link_style\":\"default\",\"link_text\":\"\",\"margin\":\"default\",\"meta_align\":\"below-title\",\"meta_color\":\"primary\",\"meta_element\":\"div\",\"meta_margin\":\"small\",\"meta_style\":\"\",\"panel_link\":false,\"panel_padding\":\"default\",\"parallax_easing\":\"1\",\"show_content\":true,\"show_image\":true,\"show_link\":true,\"show_meta\":true,\"show_title\":true,\"title_align\":\"top\",\"title_element\":\"h2\",\"title_grid_breakpoint\":\"xl\",\"title_grid_row_gap\":\"small\",\"title_grid_width\":\"auto\",\"title_hover_style\":\"reset\",\"title_link\":true,\"title_style\":\"h3\"},\"children\":[{\"type\":\"grid_item\",\"props\":{\"image\":\"wp-content\\\/uploads\\\/2022\\\/04\\\/002_modifie3.jpg\",\"image_alt\":\"\",\"link\":\"wp-content\\\/uploads\\\/2022\\\/04\\\/002_modifie3.jpg\",\"meta\":\"Espace d\\u00e9tente\",\"title\":\"Salon Lounge, V\\u00e9randa Chiang Mai Resort & Spa, Tha\\u00eflande\"}},{\"type\":\"grid_item\",\"props\":{\"image\":\"wp-content\\\/uploads\\\/2022\\\/04\\\/003_modifie.jpg\",\"image_alt\":\"\",\"link\":\"wp-content\\\/uploads\\\/2022\\\/04\\\/003_modifie.jpg\",\"meta\":\"Piscine\",\"title\":\"Espace piscine, V\\u00e9randa Chiang Mai Resort & Spa, Tha\\u00eflande\"}},{\"type\":\"grid_item\",\"props\":{\"image\":\"wp-content\\\/uploads\\\/2022\\\/04\\\/004_modifie.jpg\",\"image_alt\":\"\",\"link\":\"wp-content\\\/uploads\\\/2022\\\/04\\\/004_modifie.jpg\",\"meta\":\"Espace d\\u00e9tente\",\"title\":\"Espace d\\u00e9tente, V\\u00e9randa Chiang Mai Resort & Spa, Tha\\u00eflande\"}},{\"type\":\"grid_item\",\"props\":{\"image\":\"wp-content\\\/uploads\\\/2022\\\/04\\\/001_modifie.jpg\",\"image_alt\":\"\",\"link\":\"wp-content\\\/uploads\\\/2022\\\/04\\\/001_modifie.jpg\",\"meta\":\"Piscine\",\"title\":\"Espace piscine, Anantara Chiang Mai Resort & Spa\"}},{\"type\":\"grid_item\",\"props\":{\"image\":\"wp-content\\\/uploads\\\/2022\\\/04\\\/012_modifie-e1677627180174.jpg\",\"image_alt\":\"\",\"link\":\"wp-content\\\/uploads\\\/2022\\\/04\\\/012_modifie.jpg\",\"meta\":\"Mur chute d\\u2019eau\",\"title\":\"Mur d\\u2019eau, The Librairy, Koh Samui, Tha\\u00eflande\"}},{\"type\":\"grid_item\",\"props\":{\"image\":\"wp-content\\\/uploads\\\/2022\\\/04\\\/017_modifie.jpg\",\"image_alt\":\"\",\"link\":\"wp-content\\\/uploads\\\/2022\\\/04\\\/017_modifie.jpg\",\"meta\":\"Piscine\",\"title\":\"Piscine rouge, The Librairy, Koh Samui, Tha\\u00eflande\"}},{\"type\":\"grid_item\",\"props\":{\"image\":\"wp-content\\\/uploads\\\/2022\\\/04\\\/015_modifie-e1677627227560.jpg\",\"link\":\"wp-content\\\/uploads\\\/2022\\\/04\\\/015_modifie.jpg\",\"meta\":\"Mur architectural\",\"title\":\"Mur Architectural, Koh Samui, Tha\\u00eflande\"}},{\"type\":\"grid_item\",\"props\":{\"image\":\"wp-content\\\/uploads\\\/2022\\\/04\\\/019_modifie.jpg\",\"link\":\"wp-content\\\/uploads\\\/2022\\\/04\\\/019_modifie.jpg\",\"meta\":\"Espace d\\u00e9tente\",\"title\":\"Espace chaises longues, Baan Taling Ngam resort, Tha\\u00eflande\"}},{\"type\":\"grid_item\",\"props\":{\"image\":\"wp-content\\\/uploads\\\/2022\\\/04\\\/DSC03948-scaled-e1677627262557.jpg\",\"link\":\"wp-content\\\/uploads\\\/2022\\\/04\\\/DSC03948-scaled.jpg\",\"meta\":\"Paysage\",\"title\":\"Vignoble Emiliana, Chili\"}},{\"type\":\"grid_item\",\"props\":{\"image\":\"wp-content\\\/uploads\\\/2022\\\/04\\\/DSC03578-scaled.jpg\",\"link\":\"wp-content\\\/uploads\\\/2022\\\/04\\\/DSC03578-scaled.jpg\",\"meta\":\"Paysage\",\"title\":\"Randonn\\u00e9e en Patagonie, Chili\"}},{\"type\":\"grid_item\",\"props\":{\"image\":\"wp-content\\\/uploads\\\/2022\\\/04\\\/DSC02385-scaled.jpg\",\"link\":\"wp-content\\\/uploads\\\/2022\\\/04\\\/DSC02385-scaled.jpg\",\"meta\":\"Paysage\",\"title\":\"Paysages d\\u2019Italie\"}},{\"type\":\"grid_item\",\"props\":{\"image\":\"wp-content\\\/uploads\\\/2022\\\/04\\\/DSC03724-scaled.jpg\",\"link\":\"wp-content\\\/uploads\\\/2022\\\/04\\\/DSC03724-scaled.jpg\",\"meta\":\"Jardins\",\"title\":\"Architecture classique et jardins Urbains, Santiago\"}},{\"type\":\"grid_item\",\"props\":{\"image\":\"wp-content\\\/uploads\\\/2022\\\/04\\\/DSC03977-scaled-e1677627313280.jpg\",\"link\":\"wp-content\\\/uploads\\\/2022\\\/04\\\/DSC03977-scaled.jpg\",\"meta\":\"Murs v\\u00e9g\\u00e9taux\",\"title\":\"Mur v\\u00e9g\\u00e9tal, Viana Del Mar\"}},{\"type\":\"grid_item\",\"props\":{\"image\":\"wp-content\\\/uploads\\\/2022\\\/04\\\/DSC03290-scaled-e1677627358496.jpg\",\"link\":\"wp-content\\\/uploads\\\/2022\\\/04\\\/DSC03290-scaled.jpg\",\"meta\":\"Art, Paysage\",\"title\":\"Art urbain, Buenos Aires, Argentine\"}},{\"type\":\"grid_item\",\"props\":{\"image\":\"wp-content\\\/uploads\\\/2022\\\/04\\\/186-scaled-e1677627393921.jpg\",\"link\":\"wp-content\\\/uploads\\\/2022\\\/04\\\/186-scaled.jpg\",\"meta\":\"Art\",\"title\":\"Art de rue, Valparaiso, Chili\"}},{\"type\":\"grid_item\",\"props\":{\"image\":\"wp-content\\\/uploads\\\/2022\\\/04\\\/IMG_0618-scaled.jpg\",\"link\":\"wp-content\\\/uploads\\\/2022\\\/04\\\/IMG_0618-scaled.jpg\",\"meta\":\"Jardins, Paysage\",\"title\":\"Angleterre: La banlieue et la campagne\"}},{\"type\":\"grid_item\",\"props\":{\"image\":\"wp-content\\\/uploads\\\/2022\\\/04\\\/229-2.jpg\",\"link\":\"wp-content\\\/uploads\\\/2022\\\/04\\\/229-2.jpg\",\"meta\":\"Paysage\",\"title\":\"Masca, \\u00cele Canaries\"}},{\"type\":\"grid_item\",\"props\":{\"image\":\"wp-content\\\/uploads\\\/2022\\\/04\\\/433-1.jpg\",\"link\":\"wp-content\\\/uploads\\\/2022\\\/04\\\/433-1.jpg\",\"meta\":\"Paysage\",\"title\":\"Plage de Tazacorte, \\u00cele Canaries\"}},{\"type\":\"grid_item\",\"props\":{\"image\":\"wp-content\\\/uploads\\\/2022\\\/04\\\/615-1.jpg\",\"link\":\"wp-content\\\/uploads\\\/2022\\\/04\\\/615-1.jpg\",\"meta\":\"Paysage\",\"title\":\"Belv\\u00e9d\\u00e8re routier, \\u00cele Canaries\"}},{\"type\":\"grid_item\",\"props\":{\"image\":\"wp-content\\\/uploads\\\/2022\\\/04\\\/115-2.jpg\",\"link\":\"wp-content\\\/uploads\\\/2022\\\/04\\\/115-2.jpg\",\"meta\":\"Mur architectural, Paysage\",\"title\":\"Place public, Barcelone\"}},{\"type\":\"grid_item\",\"props\":{\"image\":\"wp-content\\\/uploads\\\/2022\\\/04\\\/108-2.jpg\",\"link\":\"wp-content\\\/uploads\\\/2022\\\/04\\\/108-2.jpg\",\"meta\":\"Jardins, Paysage\",\"title\":\"Promenade bord de mer et Jardins, Barcelone\"}}]},{\"type\":\"pagination\",\"props\":{\"margin\":\"medium\",\"pagination_type\":\"numeric\",\"text_align\":\"center\"}}]}]}],\"name\":\"Posts\"}],\"version\":\"3.0.25\"} --><\/p>\n","protected":false},"excerpt":{"rendered":"<p>Inspiration voyage. Salon Lounge, V\u00e9randa Chiang Mai Resort &#038; Spa, Tha\u00eflande Espace d\u00e9tente Espace piscine, V\u00e9randa Chiang Mai Resort &#038; Spa, Tha\u00eflande Piscine Espace d\u00e9tente, V\u00e9randa Chiang Mai Resort &#038; Spa, Tha\u00eflande Espace d\u00e9tente Espace piscine, Anantara Chiang Mai Resort &#038; Spa Piscine Mur d\u2019eau, The Librairy, Koh Samui, Tha\u00eflande Mur chute d\u2019eau Piscine rouge, [&hellip;]<\/p>\n","protected":false},"author":1,"featured_media":0,"parent":0,"menu_order":0,"comment_status":"closed","ping_status":"closed","template":"","meta":{"footnotes":""},"class_list":["post-1235","page","type-page","status-publish","hentry"],"_links":{"self":[{"href":"https:\/\/richardbelisle.com\/rbap\/wp-json\/wp\/v2\/pages\/1235","targetHints":{"allow":["GET"]}}],"collection":[{"href":"https:\/\/richardbelisle.com\/rbap\/wp-json\/wp\/v2\/pages"}],"about":[{"href":"https:\/\/richardbelisle.com\/rbap\/wp-json\/wp\/v2\/types\/page"}],"author":[{"embeddable":true,"href":"https:\/\/richardbelisle.com\/rbap\/wp-json\/wp\/v2\/users\/1"}],"replies":[{"embeddable":true,"href":"https:\/\/richardbelisle.com\/rbap\/wp-json\/wp\/v2\/comments?post=1235"}],"version-history":[{"count":23,"href":"https:\/\/richardbelisle.com\/rbap\/wp-json\/wp\/v2\/pages\/1235\/revisions"}],"predecessor-version":[{"id":1886,"href":"https:\/\/richardbelisle.com\/rbap\/wp-json\/wp\/v2\/pages\/1235\/revisions\/1886"}],"wp:attachment":[{"href":"https:\/\/richardbelisle.com\/rbap\/wp-json\/wp\/v2\/media?parent=1235"}],"curies":[{"name":"wp","href":"https:\/\/api.w.org\/{rel}","templated":true}]}}