{"id":2016,"date":"2025-02-10T02:45:01","date_gmt":"2025-02-10T02:45:01","guid":{"rendered":"https:\/\/richardbelisle.com\/rbap\/?page_id=2016"},"modified":"2025-02-10T02:45:01","modified_gmt":"2025-02-10T02:45:01","slug":"oasis-urbain","status":"publish","type":"page","link":"https:\/\/richardbelisle.com\/rbap\/oasis-urbain\/","title":{"rendered":"Oasis Urbain"},"content":{"rendered":"<h1>Oasis Urbain<span class=\"uk-text-primary\">.<\/span><\/h1>\n<blockquote>\n<p style=\"text-align: justify; font-size: 18px;\">Nich\u00e9 au c\u0153ur du quartier anim\u00e9 de Notre-Dame-de-Gr\u00e2ce, notre projet \u00ab\u00a0Oasis Urbain\u00a0\u00bb propose une \u00e9chapp\u00e9e belle au sein de la m\u00e9tropole. Dans cette zone o\u00f9 dominent les b\u00e2timents jumel\u00e9s de deux \u00e9tages, les espaces ext\u00e9rieurs se font rares et pr\u00e9cieux. C\u2019est ici que notre micro-jardin prend vie, offrant un havre de paix aux propri\u00e9taires.<\/p>\n<p>Con\u00e7u pour un couple de professionnels, cet espace est pens\u00e9 pour transformer une cour \u00e9troite et limit\u00e9e en un sanctuaire priv\u00e9 et accueillant. Malgr\u00e9 la petitesse et la configuration en longueur du terrain, le design maximise chaque centim\u00e8tre carr\u00e9 pour offrir une exp\u00e9rience de d\u00e9tente et d&rsquo;intimit\u00e9.<\/p>\n<p>L&rsquo;ambiance y est celle d&rsquo;un v\u00e9ritable oasis urbain, un lieu o\u00f9 l\u2019on peut se retirer du rythme effr\u00e9n\u00e9 de la vie citadine. Des plantations soigneusement s\u00e9lectionn\u00e9es cr\u00e9ent une atmosph\u00e8re luxuriante, invitant \u00e0 la relaxation et \u00e0 la d\u00e9connexion. Les mat\u00e9riaux naturels et les palettes de couleurs douces renforcent cette sensation d&rsquo;\u00eatre \u00e0 l&rsquo;\u00e9cart, tout en restant confortablement install\u00e9 dans son propre espace ext\u00e9rieur.<\/p>\n<p>L&rsquo;Oasis Urbain n&rsquo;est pas seulement un projet de jardinage, c&rsquo;est une r\u00e9invention de l&rsquo;espace urbain, offrant une bulle de tranquillit\u00e9 et de nature en plein c\u0153ur de la ville.\n<\/p>\n<\/blockquote>\n<p><!--more--><br \/>\n<!-- {\"type\":\"layout\",\"children\":[{\"type\":\"section\",\"props\":{\"animation\":\"slide-left-small\",\"header_transparent\":true,\"header_transparent_noplaceholder\":false,\"header_transparent_text_color\":\"light\",\"image\":\"wp-content\\\/uploads\\\/yootheme\\\/home-hero-bg.svg\",\"image_position\":\"top-center\",\"padding\":\"small\",\"style\":\"secondary\",\"title_breakpoint\":\"xl\",\"title_position\":\"top-left\",\"title_rotation\":\"left\",\"vertical_align\":\"\",\"width\":\"default\"},\"children\":[{\"type\":\"row\",\"children\":[{\"type\":\"column\",\"props\":{\"image_position\":\"center-center\",\"position_sticky_breakpoint\":\"m\",\"width_medium\":\"1-1\"},\"children\":[{\"type\":\"headline\",\"props\":{\"animation\":\"slide-left-small\",\"class\":\"uk-margin-large-top\",\"content\":\"Oasis Urbain<span class=\\\"uk-text-primary\\\">.<\\\/span>\",\"title_element\":\"h1\",\"title_style\":\"heading-small\"}}]}]}],\"name\":\"Hero\"},{\"type\":\"section\",\"props\":{\"image_position\":\"center-center\",\"padding_remove_bottom\":false,\"padding_remove_top\":true,\"style\":\"secondary\",\"title_breakpoint\":\"xl\",\"title_position\":\"top-left\",\"title_rotation\":\"left\",\"vertical_align\":\"\",\"width\":\"default\"},\"children\":[{\"type\":\"row\",\"children\":[{\"type\":\"column\",\"props\":{\"image_position\":\"center-center\",\"position_sticky_breakpoint\":\"m\"},\"children\":[{\"type\":\"quotation\",\"props\":{\"content\":\"\n\n<p style=\\\"text-align: justify; font-size: 18px;\\\">Nich\\u00e9 au c\\u0153ur du quartier anim\\u00e9 de Notre-Dame-de-Gr\\u00e2ce, notre projet \\\"Oasis Urbain\\\" propose une \\u00e9chapp\\u00e9e belle au sein de la m\\u00e9tropole. Dans cette zone o\\u00f9 dominent les b\\u00e2timents jumel\\u00e9s de deux \\u00e9tages, les espaces ext\\u00e9rieurs se font rares et pr\\u00e9cieux. C\\u2019est ici que notre micro-jardin prend vie, offrant un havre de paix aux propri\\u00e9taires.\\n<br \\\/><br \\\/>\\nCon\\u00e7u pour un couple de professionnels, cet espace est pens\\u00e9 pour transformer une cour \\u00e9troite et limit\\u00e9e en un sanctuaire priv\\u00e9 et accueillant. Malgr\\u00e9 la petitesse et la configuration en longueur du terrain, le design maximise chaque centim\\u00e8tre carr\\u00e9 pour offrir une exp\\u00e9rience de d\\u00e9tente et d'intimit\\u00e9.\\n<br \\\/><br \\\/>\\nL'ambiance y est celle d'un v\\u00e9ritable oasis urbain, un lieu o\\u00f9 l\\u2019on peut se retirer du rythme effr\\u00e9n\\u00e9 de la vie citadine. Des plantations soigneusement s\\u00e9lectionn\\u00e9es cr\\u00e9ent une atmosph\\u00e8re luxuriante, invitant \\u00e0 la relaxation et \\u00e0 la d\\u00e9connexion. Les mat\\u00e9riaux naturels et les palettes de couleurs douces renforcent cette sensation d'\\u00eatre \\u00e0 l'\\u00e9cart, tout en restant confortablement install\\u00e9 dans son propre espace ext\\u00e9rieur.\\n<br \\\/><br \\\/>\\nL'Oasis Urbain n'est pas seulement un projet de jardinage, c'est une r\\u00e9invention de l'espace urbain, offrant une bulle de tranquillit\\u00e9 et de nature en plein c\\u0153ur de la ville.\\n<\\\/p>\",\"margin_remove_bottom\":false,\"text_align\":\"justify\"}}]}]}],\"name\":\"Description des projets\"},{\"type\":\"section\",\"props\":{\"height\":\"viewport\",\"image\":\"wp-content\\\/uploads\\\/2025\\\/02\\\/2-IMG_3680_Web.jpg\",\"image_effect\":\"parallax\",\"image_parallax_easing\":\"1\",\"image_position\":\"center-center\",\"image_size\":\"cover\",\"image_width\":\"2560\",\"padding_remove_bottom\":true,\"padding_remove_horizontal\":false,\"padding_remove_top\":true,\"style\":\"secondary\",\"title_breakpoint\":\"xl\",\"title_position\":\"top-left\",\"title_rotation\":\"left\",\"vertical_align\":\"middle\",\"width\":\"default\"},\"children\":[{\"type\":\"row\",\"children\":[{\"type\":\"column\",\"props\":{\"image_position\":\"center-center\",\"position_sticky_breakpoint\":\"m\",\"width_medium\":\"1-1\"}}],\"props\":{\"height\":\"viewport\",\"margin\":\"large\"}}],\"name\":\"Image\"},{\"type\":\"section\",\"props\":{\"image_position\":\"center-center\",\"padding\":\"xsmall\",\"padding_remove_top\":true,\"style\":\"secondary\",\"title_breakpoint\":\"xl\",\"title_position\":\"top-left\",\"title_rotation\":\"left\",\"vertical_align\":\"\",\"width\":\"default\"},\"children\":[{\"type\":\"row\",\"children\":[{\"type\":\"column\",\"props\":{\"image_position\":\"center-center\",\"position_sticky_breakpoint\":\"m\"}}]}]},{\"type\":\"section\",\"props\":{\"height\":\"viewport\",\"image\":\"wp-content\\\/uploads\\\/2025\\\/02\\\/1-ecoverdure-202427542_Web.jpg\",\"image_effect\":\"parallax\",\"image_parallax_easing\":\"1\",\"image_position\":\"center-center\",\"image_size\":\"cover\",\"image_width\":\"2560\",\"style\":\"secondary\",\"title_breakpoint\":\"xl\",\"title_position\":\"top-left\",\"title_rotation\":\"left\",\"vertical_align\":\"middle\",\"width\":\"default\"},\"children\":[{\"type\":\"row\",\"children\":[{\"type\":\"column\",\"props\":{\"image_position\":\"center-center\",\"position_sticky_breakpoint\":\"m\",\"width_medium\":\"1-1\"}}]}],\"name\":\"Image\"},{\"type\":\"section\",\"props\":{\"image_position\":\"center-center\",\"padding\":\"xsmall\",\"padding_remove_top\":true,\"style\":\"secondary\",\"title_breakpoint\":\"xl\",\"title_position\":\"top-left\",\"title_rotation\":\"left\",\"vertical_align\":\"\",\"width\":\"default\"},\"children\":[{\"type\":\"row\",\"children\":[{\"type\":\"column\",\"props\":{\"image_position\":\"center-center\",\"position_sticky_breakpoint\":\"m\"}}]}]},{\"type\":\"section\",\"props\":{\"height\":\"viewport\",\"image\":\"wp-content\\\/uploads\\\/2025\\\/02\\\/3-IMG_3690_Web.jpg\",\"image_effect\":\"parallax\",\"image_parallax_easing\":\"1\",\"image_position\":\"center-center\",\"image_size\":\"cover\",\"image_width\":\"2560\",\"style\":\"secondary\",\"title_breakpoint\":\"xl\",\"title_position\":\"top-left\",\"title_rotation\":\"left\",\"vertical_align\":\"middle\",\"width\":\"default\"},\"children\":[{\"type\":\"row\",\"children\":[{\"type\":\"column\",\"props\":{\"image_position\":\"center-center\",\"position_sticky_breakpoint\":\"m\",\"width_medium\":\"1-1\"}}]}],\"name\":\"Image\"},{\"type\":\"section\",\"props\":{\"image_position\":\"center-center\",\"padding\":\"xsmall\",\"padding_remove_top\":true,\"style\":\"secondary\",\"title_breakpoint\":\"xl\",\"title_position\":\"top-left\",\"title_rotation\":\"left\",\"vertical_align\":\"\",\"width\":\"default\"},\"children\":[{\"type\":\"row\",\"children\":[{\"type\":\"column\",\"props\":{\"image_position\":\"center-center\",\"position_sticky_breakpoint\":\"m\"}}]}]},{\"type\":\"section\",\"props\":{\"height\":\"viewport\",\"image\":\"wp-content\\\/uploads\\\/2025\\\/02\\\/4-ecoverdure-202427506_Web-scaled.jpg\",\"image_effect\":\"parallax\",\"image_parallax_easing\":\"1\",\"image_position\":\"center-center\",\"image_size\":\"cover\",\"image_width\":\"2560\",\"style\":\"secondary\",\"title_breakpoint\":\"xl\",\"title_position\":\"top-left\",\"title_rotation\":\"left\",\"vertical_align\":\"middle\",\"width\":\"default\"},\"children\":[{\"type\":\"row\",\"props\":{\"margin\":\"remove-vertical\"},\"children\":[{\"type\":\"column\",\"props\":{\"image_position\":\"center-center\",\"position_sticky_breakpoint\":\"m\",\"width_medium\":\"1-1\"}}]}],\"name\":\"Image\"},{\"type\":\"section\",\"props\":{\"image_position\":\"center-center\",\"padding\":\"xsmall\",\"padding_remove_top\":true,\"style\":\"secondary\",\"title_breakpoint\":\"xl\",\"title_position\":\"top-left\",\"title_rotation\":\"left\",\"vertical_align\":\"\",\"width\":\"default\"},\"children\":[{\"type\":\"row\",\"children\":[{\"type\":\"column\",\"props\":{\"image_position\":\"center-center\",\"position_sticky_breakpoint\":\"m\"}}]}]},{\"type\":\"section\",\"props\":{\"height\":\"viewport\",\"image\":\"wp-content\\\/uploads\\\/2025\\\/02\\\/5-IMG_3693_Web.jpg\",\"image_effect\":\"parallax\",\"image_parallax_easing\":\"1\",\"image_position\":\"center-center\",\"image_size\":\"cover\",\"image_width\":\"2560\",\"style\":\"secondary\",\"title_breakpoint\":\"xl\",\"title_position\":\"top-left\",\"title_rotation\":\"left\",\"vertical_align\":\"middle\",\"width\":\"default\"},\"children\":[{\"type\":\"row\",\"props\":{\"margin\":\"remove-vertical\"},\"children\":[{\"type\":\"column\",\"props\":{\"image_position\":\"center-center\",\"position_sticky_breakpoint\":\"m\",\"width_medium\":\"1-1\"}}]}],\"name\":\"Image\"},{\"type\":\"section\",\"props\":{\"image_position\":\"center-center\",\"padding\":\"xsmall\",\"padding_remove_top\":true,\"style\":\"secondary\",\"title_breakpoint\":\"xl\",\"title_position\":\"top-left\",\"title_rotation\":\"left\",\"vertical_align\":\"\",\"width\":\"default\"},\"children\":[{\"type\":\"row\",\"children\":[{\"type\":\"column\",\"props\":{\"image_position\":\"center-center\",\"position_sticky_breakpoint\":\"m\"}}]}]},{\"type\":\"section\",\"props\":{\"height\":\"viewport\",\"image\":\"wp-content\\\/uploads\\\/2025\\\/02\\\/ecoverdure-202427462_Web.jpg\",\"image_effect\":\"parallax\",\"image_parallax_easing\":\"1\",\"image_position\":\"center-center\",\"image_size\":\"cover\",\"image_width\":\"2560\",\"style\":\"secondary\",\"title_breakpoint\":\"xl\",\"title_position\":\"top-left\",\"title_rotation\":\"left\",\"vertical_align\":\"middle\",\"width\":\"default\"},\"children\":[{\"type\":\"row\",\"props\":{\"margin\":\"remove-vertical\"},\"children\":[{\"type\":\"column\",\"props\":{\"image_position\":\"center-center\",\"position_sticky_breakpoint\":\"m\",\"width_medium\":\"1-1\"}}]}],\"name\":\"Image\"},{\"type\":\"section\",\"props\":{\"image_position\":\"center-center\",\"padding\":\"xsmall\",\"padding_remove_top\":true,\"style\":\"secondary\",\"title_breakpoint\":\"xl\",\"title_position\":\"top-left\",\"title_rotation\":\"left\",\"vertical_align\":\"\",\"width\":\"default\"},\"children\":[{\"type\":\"row\",\"children\":[{\"type\":\"column\",\"props\":{\"image_position\":\"center-center\",\"position_sticky_breakpoint\":\"m\"}}]}]},{\"type\":\"section\",\"props\":{\"height\":\"viewport\",\"image\":\"wp-content\\\/uploads\\\/2025\\\/02\\\/ecoverdure-202427566_Web-scaled.jpg\",\"image_effect\":\"parallax\",\"image_parallax_easing\":\"1\",\"image_position\":\"center-center\",\"image_size\":\"cover\",\"image_width\":\"2560\",\"style\":\"secondary\",\"title_breakpoint\":\"xl\",\"title_position\":\"top-left\",\"title_rotation\":\"left\",\"vertical_align\":\"middle\",\"width\":\"default\"},\"children\":[{\"type\":\"row\",\"props\":{\"margin\":\"remove-vertical\"},\"children\":[{\"type\":\"column\",\"props\":{\"image_position\":\"center-center\",\"position_sticky_breakpoint\":\"m\",\"width_medium\":\"1-1\"}}]}],\"name\":\"Image\"}],\"version\":\"4.5.1\"} --><\/p>\n","protected":false},"excerpt":{"rendered":"<p>Oasis Urbain. Nich\u00e9 au c\u0153ur du quartier anim\u00e9 de Notre-Dame-de-Gr\u00e2ce, notre projet \u00ab\u00a0Oasis Urbain\u00a0\u00bb propose une \u00e9chapp\u00e9e belle au sein de la m\u00e9tropole. Dans cette zone o\u00f9 dominent les b\u00e2timents jumel\u00e9s de deux \u00e9tages, les espaces ext\u00e9rieurs se font rares et pr\u00e9cieux. C\u2019est ici que notre micro-jardin prend vie, offrant un havre de paix aux [&hellip;]<\/p>\n","protected":false},"author":1,"featured_media":0,"parent":0,"menu_order":0,"comment_status":"closed","ping_status":"closed","template":"","meta":{"footnotes":""},"class_list":["post-2016","page","type-page","status-publish","hentry"],"_links":{"self":[{"href":"https:\/\/richardbelisle.com\/rbap\/wp-json\/wp\/v2\/pages\/2016","targetHints":{"allow":["GET"]}}],"collection":[{"href":"https:\/\/richardbelisle.com\/rbap\/wp-json\/wp\/v2\/pages"}],"about":[{"href":"https:\/\/richardbelisle.com\/rbap\/wp-json\/wp\/v2\/types\/page"}],"author":[{"embeddable":true,"href":"https:\/\/richardbelisle.com\/rbap\/wp-json\/wp\/v2\/users\/1"}],"replies":[{"embeddable":true,"href":"https:\/\/richardbelisle.com\/rbap\/wp-json\/wp\/v2\/comments?post=2016"}],"version-history":[{"count":3,"href":"https:\/\/richardbelisle.com\/rbap\/wp-json\/wp\/v2\/pages\/2016\/revisions"}],"predecessor-version":[{"id":2026,"href":"https:\/\/richardbelisle.com\/rbap\/wp-json\/wp\/v2\/pages\/2016\/revisions\/2026"}],"wp:attachment":[{"href":"https:\/\/richardbelisle.com\/rbap\/wp-json\/wp\/v2\/media?parent=2016"}],"curies":[{"name":"wp","href":"https:\/\/api.w.org\/{rel}","templated":true}]}}